{"id":7657,"date":"2022-05-25T22:38:58","date_gmt":"2022-05-25T20:38:58","guid":{"rendered":"http:\/\/campingilpoggetto.com\/news-camping-toscana\/"},"modified":"2022-09-14T12:07:02","modified_gmt":"2022-09-14T10:07:02","slug":"news-camping-toscana","status":"publish","type":"page","link":"https:\/\/campingilpoggetto.com\/fr\/news-camping-toscana\/","title":{"rendered":"News\/Eventi"},"content":{"rendered":"<p><div class=\"fusion-fullwidth fullwidth-box fusion-builder-row-1 fusion-flex-container nonhundred-percent-fullwidth non-hundred-percent-height-scrolling\" style=\"--awb-border-radius-top-left:0px;--awb-border-radius-top-right:0px;--awb-border-radius-bottom-right:0px;--awb-border-radius-bottom-left:0px;--awb-padding-right:7vw;--awb-padding-left:7vw;--awb-flex-wrap:wrap;\" ><div class=\"fusion-builder-row fusion-row fusion-flex-align-items-flex-start fusion-flex-content-wrap\" style=\"max-width:2080px;margin-left: calc(-4% \/ 2 );margin-right: calc(-4% \/ 2 );\"><div class=\"fusion-layout-column fusion_builder_column fusion-builder-column-0 fusion_builder_column_1_1 1_1 fusion-flex-column\" style=\"--awb-padding-top:5%;--awb-bg-size:cover;--awb-width-large:100%;--awb-margin-top-large:0px;--awb-spacing-right-large:1.92%;--awb-margin-bottom-large:20px;--awb-spacing-left-large:1.92%;--awb-width-medium:100%;--awb-order-medium:0;--awb-spacing-right-medium:1.92%;--awb-spacing-left-medium:1.92%;--awb-width-small:100%;--awb-order-small:0;--awb-spacing-right-small:1.92%;--awb-spacing-left-small:1.92%;\"><div class=\"fusion-column-wrapper fusion-column-has-shadow fusion-flex-justify-content-flex-start fusion-content-layout-column\"><div class=\"fusion-title title fusion-title-1 fusion-sep-none fusion-title-center fusion-title-text fusion-title-size-one\" style=\"--awb-text-color:var(--awb-color6);--awb-font-size:48px;\"><h1 class=\"fusion-title-heading title-heading-center\" style=\"font-family:&quot;Poppins&quot;;font-style:normal;font-weight:700;margin:0;font-size:1em;line-height:57px;\">NOUVELLES ET EV\u00c9NEMENTS<\/h1><\/div><div class=\"fusion-title title fusion-title-2 fusion-sep-none fusion-title-center fusion-title-text fusion-title-size-two\" style=\"--awb-text-color:var(--awb-color5);--awb-font-size:34px;\"><h2 class=\"fusion-title-heading title-heading-center\" style=\"font-family:&quot;PT Sans Narrow&quot;;font-style:normal;font-weight:700;margin:0;font-size:1em;line-height:51px;\">le camping et dans et autour de Florence<\/h2><\/div><div class=\"fusion-text fusion-text-1\" style=\"--awb-content-alignment:center;--awb-font-size:18px;--awb-line-height:36px;--awb-text-transform:none;--awb-text-color:var(--awb-color7);--awb-text-font-family:&quot;Noticia Text&quot;;--awb-text-font-style:normal;--awb-text-font-weight:400;\"><p>D\u00e9couvrez toutes les nouvelles et les \u00e9v\u00e9nements en programme sur Florence et ses alentours pour vos vacances en Toscane chez Camping Il Poggetto.<\/p>\n<\/div><\/div><\/div><\/div><\/div><div class=\"fusion-fullwidth fullwidth-box fusion-builder-row-2 fusion-flex-container nonhundred-percent-fullwidth non-hundred-percent-height-scrolling\" style=\"--awb-border-radius-top-left:0px;--awb-border-radius-top-right:0px;--awb-border-radius-bottom-right:0px;--awb-border-radius-bottom-left:0px;--awb-padding-top:3%;--awb-padding-right:7vw;--awb-padding-left:7vw;--awb-flex-wrap:wrap;\" ><div class=\"fusion-builder-row fusion-row fusion-flex-align-items-flex-start fusion-flex-content-wrap\" style=\"max-width:2080px;margin-left: calc(-4% \/ 2 );margin-right: calc(-4% \/ 2 );\"><div class=\"fusion-layout-column fusion_builder_column fusion-builder-column-1 fusion_builder_column_1_1 1_1 fusion-flex-column fusion-flex-align-self-stretch\" style=\"--awb-bg-size:cover;--awb-width-large:100%;--awb-margin-top-large:0px;--awb-spacing-right-large:1.92%;--awb-margin-bottom-large:20px;--awb-spacing-left-large:1.92%;--awb-width-medium:100%;--awb-order-medium:0;--awb-spacing-right-medium:1.92%;--awb-spacing-left-medium:1.92%;--awb-width-small:100%;--awb-order-small:0;--awb-spacing-right-small:1.92%;--awb-spacing-left-small:1.92%;\"><div class=\"fusion-column-wrapper fusion-column-has-shadow fusion-flex-justify-content-flex-start fusion-content-layout-column\"><div class=\"fusion-post-cards fusion-post-cards-1 fusion-grid-archive fusion-grid-columns-2\" style=\"--awb-column-spacing:50px;--awb-columns:2;--awb-row-spacing:30px;\"><ul class=\"fusion-grid fusion-grid-2 fusion-flex-align-items-flex-start fusion-grid-posts-cards\"><li class=\"fusion-layout-column fusion_builder_column fusion-builder-column-2 fusion-flex-column post-card fusion-grid-column fusion-post-cards-grid-column\" style=\"--awb-bg-color:#f7f7f7;--awb-bg-color-hover:#f7f7f7;--awb-bg-size:cover;\"><div class=\"fusion-column-wrapper fusion-column-has-shadow fusion-flex-justify-content-space-evenly fusion-content-layout-column\"><div class=\"fusion-image-element \" style=\"--awb-aspect-ratio: 100 \/ 73;--awb-margin-right:0px;--awb-margin-left:0px;--awb-max-width:390px;--awb-caption-title-font-family:var(--h2_typography-font-family);--awb-caption-title-font-weight:var(--h2_typography-font-weight);--awb-caption-title-font-style:var(--h2_typography-font-style);--awb-caption-title-size:var(--h2_typography-font-size);--awb-caption-title-transform:var(--h2_typography-text-transform);--awb-caption-title-line-height:var(--h2_typography-line-height);--awb-caption-title-letter-spacing:var(--h2_typography-letter-spacing);\"><div style=\"display:inline-block;width:390px;\"><span class=\" fusion-imageframe imageframe-none imageframe-1 hover-type-none has-aspect-ratio\"><img decoding=\"async\" width=\"1200\" height=\"800\" title=\"placeholder-offers\" src=\"https:\/\/campingilpoggetto.com\/wp-content\/uploads\/2022\/05\/placeholder-offers.jpg\" class=\"img-responsive wp-image-8681 img-with-aspect-ratio\" alt srcset=\"https:\/\/campingilpoggetto.com\/wp-content\/uploads\/2022\/05\/placeholder-offers-200x133.jpg 200w, https:\/\/campingilpoggetto.com\/wp-content\/uploads\/2022\/05\/placeholder-offers-400x267.jpg 400w, https:\/\/campingilpoggetto.com\/wp-content\/uploads\/2022\/05\/placeholder-offers-600x400.jpg 600w, https:\/\/campingilpoggetto.com\/wp-content\/uploads\/2022\/05\/placeholder-offers-800x533.jpg 800w, https:\/\/campingilpoggetto.com\/wp-content\/uploads\/2022\/05\/placeholder-offers.jpg 1200w\" sizes=\"(max-width: 640px) 100vw, 1200px\" \/><\/span><\/div><\/div><div class=\"fusion-title title fusion-title-3 fusion-sep-none fusion-title-center fusion-title-text fusion-title-size-four\" style=\"--awb-text-color:var(--awb-color5);--awb-margin-top:25px;--awb-link-color:var(--awb-color5);--awb-font-size:24px;\"><h4 class=\"fusion-title-heading title-heading-center\" style=\"font-family:&quot;PT Sans Narrow&quot;;font-style:normal;font-weight:700;margin:0;font-size:1em;line-height:24px;\"><a href=\"#\" class=\"awb-custom-text-color awb-custom-text-hover-color\" target=\"_self\">News di prova<\/a><\/h4><\/div><div class=\"fusion-text fusion-text-2 c-vedere-description \" style=\"--awb-content-alignment:center;--awb-font-size:16px;--awb-line-height:32px;--awb-text-transform:none;--awb-text-color:var(--awb-color7);--awb-margin-right:15px;--awb-margin-left:15px;--awb-text-font-family:&quot;Noticia Text&quot;;--awb-text-font-style:normal;--awb-text-font-weight:400;\"><p>News di prova<\/p>\n<\/div><div style=\"text-align:center;\"><a class=\"fusion-button button-flat fusion-button-default-size button-custom fusion-button-default button-1 fusion-button-default-span fusion-button-default-type\" style=\"--button_accent_color:var(--awb-color4);--button_border_color:var(--awb-color4);--button_accent_hover_color:var(--awb-color1);--button_border_hover_color:var(--awb-color4);--button_border_width-top:2px;--button_border_width-right:2px;--button_border_width-bottom:2px;--button_border_width-left:2px;--button-border-radius-top-left:0px;--button-border-radius-top-right:0px;--button-border-radius-bottom-right:0px;--button-border-radius-bottom-left:0px;--button_gradient_top_color:var(--awb-color1);--button_gradient_bottom_color:var(--awb-color1);--button_gradient_top_color_hover:var(--awb-custom_color_1);--button_gradient_bottom_color_hover:var(--awb-custom_color_1);--button_text_transform:uppercase;--button_font_size:16px;--button_line_height:22px;--button_typography-font-family:&quot;PT Sans Narrow&quot;;--button_typography-font-style:normal;--button_typography-font-weight:700;--button_margin-bottom:25px;\" target=\"_self\" href=\"https:\/\/campingilpoggetto.com\/fr\/news-1\/\"><span class=\"fusion-button-text\">D\u00e9couvrir<\/span><\/a><\/div><\/div><\/li>\n<li class=\"fusion-layout-column fusion_builder_column fusion-builder-column-3 fusion-flex-column post-card fusion-grid-column fusion-post-cards-grid-column\" style=\"--awb-bg-color:#f7f7f7;--awb-bg-color-hover:#f7f7f7;--awb-bg-size:cover;\"><div class=\"fusion-column-wrapper fusion-column-has-shadow fusion-flex-justify-content-space-evenly fusion-content-layout-column\"><div class=\"fusion-image-element \" style=\"--awb-aspect-ratio: 100 \/ 73;--awb-margin-right:0px;--awb-margin-left:0px;--awb-max-width:390px;--awb-caption-title-font-family:var(--h2_typography-font-family);--awb-caption-title-font-weight:var(--h2_typography-font-weight);--awb-caption-title-font-style:var(--h2_typography-font-style);--awb-caption-title-size:var(--h2_typography-font-size);--awb-caption-title-transform:var(--h2_typography-text-transform);--awb-caption-title-line-height:var(--h2_typography-line-height);--awb-caption-title-letter-spacing:var(--h2_typography-letter-spacing);\"><div style=\"display:inline-block;width:390px;\"><span class=\" fusion-imageframe imageframe-none imageframe-2 hover-type-none has-aspect-ratio\"><img decoding=\"async\" width=\"1200\" height=\"800\" title=\"placeholder-offers\" src=\"https:\/\/campingilpoggetto.com\/wp-content\/uploads\/2022\/05\/placeholder-offers.jpg\" class=\"img-responsive wp-image-8681 img-with-aspect-ratio\" alt srcset=\"https:\/\/campingilpoggetto.com\/wp-content\/uploads\/2022\/05\/placeholder-offers-200x133.jpg 200w, https:\/\/campingilpoggetto.com\/wp-content\/uploads\/2022\/05\/placeholder-offers-400x267.jpg 400w, https:\/\/campingilpoggetto.com\/wp-content\/uploads\/2022\/05\/placeholder-offers-600x400.jpg 600w, https:\/\/campingilpoggetto.com\/wp-content\/uploads\/2022\/05\/placeholder-offers-800x533.jpg 800w, https:\/\/campingilpoggetto.com\/wp-content\/uploads\/2022\/05\/placeholder-offers.jpg 1200w\" sizes=\"(max-width: 640px) 100vw, 1200px\" \/><\/span><\/div><\/div><div class=\"fusion-title title fusion-title-4 fusion-sep-none fusion-title-center fusion-title-text fusion-title-size-four\" style=\"--awb-text-color:var(--awb-color5);--awb-margin-top:25px;--awb-link-color:var(--awb-color5);--awb-font-size:24px;\"><h4 class=\"fusion-title-heading title-heading-center\" style=\"font-family:&quot;PT Sans Narrow&quot;;font-style:normal;font-weight:700;margin:0;font-size:1em;line-height:24px;\"><a href=\"#\" class=\"awb-custom-text-color awb-custom-text-hover-color\" target=\"_self\">Evento di prova<\/a><\/h4><\/div><div class=\"fusion-text fusion-text-3 c-vedere-description \" style=\"--awb-content-alignment:center;--awb-font-size:16px;--awb-line-height:32px;--awb-text-transform:none;--awb-text-color:var(--awb-color7);--awb-margin-right:15px;--awb-margin-left:15px;--awb-text-font-family:&quot;Noticia Text&quot;;--awb-text-font-style:normal;--awb-text-font-weight:400;\"><p>Evento di prova<\/p>\n<\/div><div style=\"text-align:center;\"><a class=\"fusion-button button-flat fusion-button-default-size button-custom fusion-button-default button-2 fusion-button-default-span fusion-button-default-type\" style=\"--button_accent_color:var(--awb-color4);--button_border_color:var(--awb-color4);--button_accent_hover_color:var(--awb-color1);--button_border_hover_color:var(--awb-color4);--button_border_width-top:2px;--button_border_width-right:2px;--button_border_width-bottom:2px;--button_border_width-left:2px;--button-border-radius-top-left:0px;--button-border-radius-top-right:0px;--button-border-radius-bottom-right:0px;--button-border-radius-bottom-left:0px;--button_gradient_top_color:var(--awb-color1);--button_gradient_bottom_color:var(--awb-color1);--button_gradient_top_color_hover:var(--awb-custom_color_1);--button_gradient_bottom_color_hover:var(--awb-custom_color_1);--button_text_transform:uppercase;--button_font_size:16px;--button_line_height:22px;--button_typography-font-family:&quot;PT Sans Narrow&quot;;--button_typography-font-style:normal;--button_typography-font-weight:700;--button_margin-bottom:25px;\" target=\"_self\" href=\"https:\/\/campingilpoggetto.com\/fr\/event1\/\"><span class=\"fusion-button-text\">D\u00e9couvrir<\/span><\/a><\/div><\/div><\/li>\n<\/ul><div class=\"pagination clearfix\"><\/div><div class=\"fusion-clearfix\"><\/div><\/div><\/div><\/div><\/div><\/div><\/p>\n","protected":false},"excerpt":{"rendered":"","protected":false},"author":3,"featured_media":0,"parent":0,"menu_order":0,"comment_status":"closed","ping_status":"closed","template":"","meta":{"footnotes":""},"acf":[],"yoast_head":"<!-- This site is optimized with the Yoast SEO plugin v21.9.1 - https:\/\/yoast.com\/wordpress\/plugins\/seo\/ -->\n<title>Nouvelles et \u00e9v\u00e9nements en Toscane, Florence Chianti<\/title>\n<meta name=\"description\" content=\"D\u00e9couvrez toutes les actualit\u00e9s et \u00e9v\u00e9nements du Camping Village Il Poggetto pour des vacances en Toscane pr\u00e8s de Florence. En savoir plus et r\u00e9server d\u00e8s maintenant !\" \/>\n<meta name=\"robots\" content=\"index, follow, max-snippet:-1, max-image-preview:large, max-video-preview:-1\" \/>\n<link rel=\"canonical\" href=\"https:\/\/campingilpoggetto.com\/fr\/news-camping-toscana\/\" \/>\n<meta property=\"og:locale\" content=\"fr_FR\" \/>\n<meta property=\"og:type\" content=\"article\" \/>\n<meta property=\"og:title\" content=\"Nouvelles et \u00e9v\u00e9nements en Toscane, Florence Chianti\" \/>\n<meta property=\"og:description\" content=\"D\u00e9couvrez toutes les actualit\u00e9s et \u00e9v\u00e9nements du Camping Village Il Poggetto pour des vacances en Toscane pr\u00e8s de Florence. En savoir plus et r\u00e9server d\u00e8s maintenant !\" \/>\n<meta property=\"og:url\" content=\"https:\/\/campingilpoggetto.com\/fr\/news-camping-toscana\/\" \/>\n<meta property=\"og:site_name\" content=\"Camping il Poggetto\" \/>\n<meta property=\"article:publisher\" content=\"https:\/\/www.facebook.com\/campingvillageilpoggetto\" \/>\n<meta property=\"article:modified_time\" content=\"2022-09-14T10:07:02+00:00\" \/>\n<meta property=\"og:image\" content=\"https:\/\/campingilpoggetto.com\/wp-content\/uploads\/2022\/05\/placeholder-offers.jpg\" \/>\n\t<meta property=\"og:image:width\" content=\"1200\" \/>\n\t<meta property=\"og:image:height\" content=\"800\" \/>\n\t<meta property=\"og:image:type\" content=\"image\/jpeg\" \/>\n<meta name=\"twitter:card\" content=\"summary_large_image\" \/>\n<meta name=\"twitter:title\" content=\"Nouvelles et \u00e9v\u00e9nements en Toscane, Florence Chianti\" \/>\n<meta name=\"twitter:description\" content=\"D\u00e9couvrez toutes les actualit\u00e9s et \u00e9v\u00e9nements du Camping Village Il Poggetto pour des vacances en Toscane pr\u00e8s de Florence. En savoir plus et r\u00e9server d\u00e8s maintenant !\" \/>\n<meta name=\"twitter:image\" content=\"https:\/\/campingilpoggetto.com\/wp-content\/uploads\/2022\/05\/placeholder-offers.jpg\" \/>\n<meta name=\"twitter:label1\" content=\"Dur\u00e9e de lecture estim\u00e9e\" \/>\n\t<meta name=\"twitter:data1\" content=\"3 minutes\" \/>\n<script type=\"application\/ld+json\" class=\"yoast-schema-graph\">{\"@context\":\"https:\/\/schema.org\",\"@graph\":[{\"@type\":\"WebPage\",\"@id\":\"https:\/\/campingilpoggetto.com\/fr\/news-camping-toscana\/\",\"url\":\"https:\/\/campingilpoggetto.com\/fr\/news-camping-toscana\/\",\"name\":\"Nouvelles et \u00e9v\u00e9nements en Toscane, Florence Chianti\",\"isPartOf\":{\"@id\":\"https:\/\/campingilpoggetto.com\/fr\/#website\"},\"datePublished\":\"2022-05-25T20:38:58+00:00\",\"dateModified\":\"2022-09-14T10:07:02+00:00\",\"description\":\"D\u00e9couvrez toutes les actualit\u00e9s et \u00e9v\u00e9nements du Camping Village Il Poggetto pour des vacances en Toscane pr\u00e8s de Florence. En savoir plus et r\u00e9server d\u00e8s maintenant !\",\"breadcrumb\":{\"@id\":\"https:\/\/campingilpoggetto.com\/fr\/news-camping-toscana\/#breadcrumb\"},\"inLanguage\":\"fr-FR\",\"potentialAction\":[{\"@type\":\"ReadAction\",\"target\":[\"https:\/\/campingilpoggetto.com\/fr\/news-camping-toscana\/\"]}]},{\"@type\":\"BreadcrumbList\",\"@id\":\"https:\/\/campingilpoggetto.com\/fr\/news-camping-toscana\/#breadcrumb\",\"itemListElement\":[{\"@type\":\"ListItem\",\"position\":1,\"name\":\"Home\",\"item\":\"https:\/\/campingilpoggetto.com\/fr\/\"},{\"@type\":\"ListItem\",\"position\":2,\"name\":\"News\/Eventi\"}]},{\"@type\":\"WebSite\",\"@id\":\"https:\/\/campingilpoggetto.com\/fr\/#website\",\"url\":\"https:\/\/campingilpoggetto.com\/fr\/\",\"name\":\"Camping il Poggetto\",\"description\":\"Camping il Poggetto\",\"publisher\":{\"@id\":\"https:\/\/campingilpoggetto.com\/fr\/#organization\"},\"potentialAction\":[{\"@type\":\"SearchAction\",\"target\":{\"@type\":\"EntryPoint\",\"urlTemplate\":\"https:\/\/campingilpoggetto.com\/fr\/?s={search_term_string}\"},\"query-input\":\"required name=search_term_string\"}],\"inLanguage\":\"fr-FR\"},{\"@type\":\"Organization\",\"@id\":\"https:\/\/campingilpoggetto.com\/fr\/#organization\",\"name\":\"Camping il Poggetto\",\"url\":\"https:\/\/campingilpoggetto.com\/fr\/\",\"logo\":{\"@type\":\"ImageObject\",\"inLanguage\":\"fr-FR\",\"@id\":\"https:\/\/campingilpoggetto.com\/fr\/#\/schema\/logo\/image\/\",\"url\":\"https:\/\/campingilpoggetto.com\/wp-content\/uploads\/2022\/05\/cropped-logo_ic-1.png\",\"contentUrl\":\"https:\/\/campingilpoggetto.com\/wp-content\/uploads\/2022\/05\/cropped-logo_ic-1.png\",\"width\":512,\"height\":512,\"caption\":\"Camping il Poggetto\"},\"image\":{\"@id\":\"https:\/\/campingilpoggetto.com\/fr\/#\/schema\/logo\/image\/\"},\"sameAs\":[\"https:\/\/www.facebook.com\/campingvillageilpoggetto\"]}]}<\/script>\n<!-- \/ Yoast SEO plugin. -->","yoast_head_json":{"title":"Nouvelles et \u00e9v\u00e9nements en Toscane, Florence Chianti","description":"D\u00e9couvrez toutes les actualit\u00e9s et \u00e9v\u00e9nements du Camping Village Il Poggetto pour des vacances en Toscane pr\u00e8s de Florence. En savoir plus et r\u00e9server d\u00e8s maintenant !","robots":{"index":"index","follow":"follow","max-snippet":"max-snippet:-1","max-image-preview":"max-image-preview:large","max-video-preview":"max-video-preview:-1"},"canonical":"https:\/\/campingilpoggetto.com\/fr\/news-camping-toscana\/","og_locale":"fr_FR","og_type":"article","og_title":"Nouvelles et \u00e9v\u00e9nements en Toscane, Florence Chianti","og_description":"D\u00e9couvrez toutes les actualit\u00e9s et \u00e9v\u00e9nements du Camping Village Il Poggetto pour des vacances en Toscane pr\u00e8s de Florence. En savoir plus et r\u00e9server d\u00e8s maintenant !","og_url":"https:\/\/campingilpoggetto.com\/fr\/news-camping-toscana\/","og_site_name":"Camping il Poggetto","article_publisher":"https:\/\/www.facebook.com\/campingvillageilpoggetto","article_modified_time":"2022-09-14T10:07:02+00:00","og_image":[{"width":1200,"height":800,"url":"https:\/\/campingilpoggetto.com\/wp-content\/uploads\/2022\/05\/placeholder-offers.jpg","type":"image\/jpeg"}],"twitter_card":"summary_large_image","twitter_title":"Nouvelles et \u00e9v\u00e9nements en Toscane, Florence Chianti","twitter_description":"D\u00e9couvrez toutes les actualit\u00e9s et \u00e9v\u00e9nements du Camping Village Il Poggetto pour des vacances en Toscane pr\u00e8s de Florence. En savoir plus et r\u00e9server d\u00e8s maintenant !","twitter_image":"https:\/\/campingilpoggetto.com\/wp-content\/uploads\/2022\/05\/placeholder-offers.jpg","twitter_misc":{"Dur\u00e9e de lecture estim\u00e9e":"3 minutes"},"schema":{"@context":"https:\/\/schema.org","@graph":[{"@type":"WebPage","@id":"https:\/\/campingilpoggetto.com\/fr\/news-camping-toscana\/","url":"https:\/\/campingilpoggetto.com\/fr\/news-camping-toscana\/","name":"Nouvelles et \u00e9v\u00e9nements en Toscane, Florence Chianti","isPartOf":{"@id":"https:\/\/campingilpoggetto.com\/fr\/#website"},"datePublished":"2022-05-25T20:38:58+00:00","dateModified":"2022-09-14T10:07:02+00:00","description":"D\u00e9couvrez toutes les actualit\u00e9s et \u00e9v\u00e9nements du Camping Village Il Poggetto pour des vacances en Toscane pr\u00e8s de Florence. En savoir plus et r\u00e9server d\u00e8s maintenant !","breadcrumb":{"@id":"https:\/\/campingilpoggetto.com\/fr\/news-camping-toscana\/#breadcrumb"},"inLanguage":"fr-FR","potentialAction":[{"@type":"ReadAction","target":["https:\/\/campingilpoggetto.com\/fr\/news-camping-toscana\/"]}]},{"@type":"BreadcrumbList","@id":"https:\/\/campingilpoggetto.com\/fr\/news-camping-toscana\/#breadcrumb","itemListElement":[{"@type":"ListItem","position":1,"name":"Home","item":"https:\/\/campingilpoggetto.com\/fr\/"},{"@type":"ListItem","position":2,"name":"News\/Eventi"}]},{"@type":"WebSite","@id":"https:\/\/campingilpoggetto.com\/fr\/#website","url":"https:\/\/campingilpoggetto.com\/fr\/","name":"Camping il Poggetto","description":"Camping il Poggetto","publisher":{"@id":"https:\/\/campingilpoggetto.com\/fr\/#organization"},"potentialAction":[{"@type":"SearchAction","target":{"@type":"EntryPoint","urlTemplate":"https:\/\/campingilpoggetto.com\/fr\/?s={search_term_string}"},"query-input":"required name=search_term_string"}],"inLanguage":"fr-FR"},{"@type":"Organization","@id":"https:\/\/campingilpoggetto.com\/fr\/#organization","name":"Camping il Poggetto","url":"https:\/\/campingilpoggetto.com\/fr\/","logo":{"@type":"ImageObject","inLanguage":"fr-FR","@id":"https:\/\/campingilpoggetto.com\/fr\/#\/schema\/logo\/image\/","url":"https:\/\/campingilpoggetto.com\/wp-content\/uploads\/2022\/05\/cropped-logo_ic-1.png","contentUrl":"https:\/\/campingilpoggetto.com\/wp-content\/uploads\/2022\/05\/cropped-logo_ic-1.png","width":512,"height":512,"caption":"Camping il Poggetto"},"image":{"@id":"https:\/\/campingilpoggetto.com\/fr\/#\/schema\/logo\/image\/"},"sameAs":["https:\/\/www.facebook.com\/campingvillageilpoggetto"]}]}},"_links":{"self":[{"href":"https:\/\/campingilpoggetto.com\/fr\/wp-json\/wp\/v2\/pages\/7657"}],"collection":[{"href":"https:\/\/campingilpoggetto.com\/fr\/wp-json\/wp\/v2\/pages"}],"about":[{"href":"https:\/\/campingilpoggetto.com\/fr\/wp-json\/wp\/v2\/types\/page"}],"author":[{"embeddable":true,"href":"https:\/\/campingilpoggetto.com\/fr\/wp-json\/wp\/v2\/users\/3"}],"replies":[{"embeddable":true,"href":"https:\/\/campingilpoggetto.com\/fr\/wp-json\/wp\/v2\/comments?post=7657"}],"version-history":[{"count":3,"href":"https:\/\/campingilpoggetto.com\/fr\/wp-json\/wp\/v2\/pages\/7657\/revisions"}],"predecessor-version":[{"id":8781,"href":"https:\/\/campingilpoggetto.com\/fr\/wp-json\/wp\/v2\/pages\/7657\/revisions\/8781"}],"wp:attachment":[{"href":"https:\/\/campingilpoggetto.com\/fr\/wp-json\/wp\/v2\/media?parent=7657"}],"curies":[{"name":"wp","href":"https:\/\/api.w.org\/{rel}","templated":true}]}}