{"id":7290,"date":"2022-05-23T17:29:44","date_gmt":"2022-05-23T15:29:44","guid":{"rendered":"http:\/\/campingilpoggetto.com\/gallery\/"},"modified":"2022-09-19T10:04:28","modified_gmt":"2022-09-19T08:04:28","slug":"photo-video","status":"publish","type":"page","link":"https:\/\/campingilpoggetto.com\/fr\/photo-video\/","title":{"rendered":"GALLERIE"},"content":{"rendered":"<div class=\"fusion-fullwidth fullwidth-box fusion-builder-row-1 fusion-flex-container nonhundred-percent-fullwidth non-hundred-percent-height-scrolling\" style=\"--awb-border-radius-top-left:0px;--awb-border-radius-top-right:0px;--awb-border-radius-bottom-right:0px;--awb-border-radius-bottom-left:0px;--awb-padding-top:5%;--awb-padding-right:7vw;--awb-padding-bottom:3%;--awb-padding-left:7vw;--awb-flex-wrap:wrap;\" ><div class=\"fusion-builder-row fusion-row fusion-flex-align-items-flex-start fusion-flex-content-wrap\" style=\"max-width:2080px;margin-left: calc(-4% \/ 2 );margin-right: calc(-4% \/ 2 );\"><div class=\"fusion-layout-column fusion_builder_column fusion-builder-column-0 fusion_builder_column_1_1 1_1 fusion-flex-column\" style=\"--awb-bg-size:cover;--awb-width-large:100%;--awb-margin-top-large:0px;--awb-spacing-right-large:1.92%;--awb-margin-bottom-large:20px;--awb-spacing-left-large:1.92%;--awb-width-medium:100%;--awb-order-medium:0;--awb-spacing-right-medium:1.92%;--awb-spacing-left-medium:1.92%;--awb-width-small:100%;--awb-order-small:0;--awb-spacing-right-small:1.92%;--awb-spacing-left-small:1.92%;\"><div class=\"fusion-column-wrapper fusion-column-has-shadow fusion-flex-justify-content-flex-start fusion-content-layout-column\"><div class=\"fusion-title title fusion-title-1 fusion-sep-none fusion-title-center fusion-title-text fusion-title-size-one\" style=\"--awb-text-color:var(--awb-color6);--awb-font-size:48px;\"><h1 class=\"fusion-title-heading title-heading-center\" style=\"font-family:&quot;Poppins&quot;;font-style:normal;font-weight:700;margin:0;font-size:1em;text-transform:uppercase;line-height:57px;\">PHOTOS ET VID\u00c9OS<\/h1><\/div><div class=\"fusion-title title fusion-title-2 fusion-sep-none fusion-title-center fusion-title-text fusion-title-size-two\" style=\"--awb-text-color:var(--awb-color5);--awb-font-size:34px;\"><h2 class=\"fusion-title-heading title-heading-center\" style=\"font-family:&quot;PT Sans Narrow&quot;;font-style:normal;font-weight:700;margin:0;font-size:1em;text-transform:none;line-height:51px;\">Images du Camping Village<\/h2><\/div><div class=\"fusion-text fusion-text-1\" style=\"--awb-content-alignment:center;--awb-font-size:18px;--awb-line-height:36px;--awb-text-transform:none;--awb-text-color:var(--awb-color7);--awb-text-font-family:&quot;Noticia Text&quot;;--awb-text-font-style:normal;--awb-text-font-weight:400;\"><p>Voici quelques photos vous pr\u00e9sentant le Camping Village Il Poggetto. Envoyez-nous vos photos prises pendant vos vacances pass\u00e9es chez nous : nous les publierons sur Facebook et sur le site !<\/p>\n<\/div>\t<\/div><\/div><\/div><\/div>\n","protected":false},"excerpt":{"rendered":"","protected":false},"author":3,"featured_media":0,"parent":0,"menu_order":0,"comment_status":"closed","ping_status":"closed","template":"","meta":{"footnotes":""},"acf":[],"yoast_head":"<!-- This site is optimized with the Yoast SEO plugin v21.9.1 - https:\/\/yoast.com\/wordpress\/plugins\/seo\/ -->\n<title>Photos et Vid\u00e9os du Camping Village il Poggetto, Toscane Chianti<\/title>\n<meta name=\"description\" content=\"Les plus belles photos et vid\u00e9os du Camping Village il Poggetto : savourez ou revivez vos vacances avec les images du camping village situ\u00e9 \u00e0 proximit\u00e9 de Florence.\" \/>\n<meta name=\"robots\" content=\"index, follow, max-snippet:-1, max-image-preview:large, max-video-preview:-1\" \/>\n<link rel=\"canonical\" href=\"https:\/\/campingilpoggetto.com\/fr\/photo-video\/\" \/>\n<meta property=\"og:locale\" content=\"fr_FR\" \/>\n<meta property=\"og:type\" content=\"article\" \/>\n<meta property=\"og:title\" content=\"Photos et Vid\u00e9os du Camping Village il Poggetto, Toscane Chianti\" \/>\n<meta property=\"og:description\" content=\"Les plus belles photos et vid\u00e9os du Camping Village il Poggetto : savourez ou revivez vos vacances avec les images du camping village situ\u00e9 \u00e0 proximit\u00e9 de Florence.\" \/>\n<meta property=\"og:url\" content=\"https:\/\/campingilpoggetto.com\/fr\/photo-video\/\" \/>\n<meta property=\"og:site_name\" content=\"Camping il Poggetto\" \/>\n<meta property=\"article:publisher\" content=\"https:\/\/www.facebook.com\/campingvillageilpoggetto\" \/>\n<meta property=\"article:modified_time\" content=\"2022-09-19T08:04:28+00:00\" \/>\n<meta property=\"og:image\" content=\"https:\/\/campingilpoggetto.com\/wp-content\/uploads\/2022\/05\/1481904443910.jpg\" \/>\n\t<meta property=\"og:image:width\" content=\"960\" \/>\n\t<meta property=\"og:image:height\" content=\"640\" \/>\n\t<meta property=\"og:image:type\" content=\"image\/jpeg\" \/>\n<meta name=\"twitter:card\" content=\"summary_large_image\" \/>\n<meta name=\"twitter:title\" content=\"Photos et Vid\u00e9os du Camping Village il Poggetto, Toscane Chianti\" \/>\n<meta name=\"twitter:description\" content=\"Les plus belles photos et vid\u00e9os du Camping Village il Poggetto : savourez ou revivez vos vacances avec les images du camping village situ\u00e9 \u00e0 proximit\u00e9 de Florence.\" \/>\n<meta name=\"twitter:image\" content=\"https:\/\/campingilpoggetto.com\/wp-content\/uploads\/2022\/05\/1481904443910.jpg\" \/>\n<meta name=\"twitter:label1\" content=\"Dur\u00e9e de lecture estim\u00e9e\" \/>\n\t<meta name=\"twitter:data1\" content=\"3 minutes\" \/>\n<script type=\"application\/ld+json\" class=\"yoast-schema-graph\">{\"@context\":\"https:\/\/schema.org\",\"@graph\":[{\"@type\":\"WebPage\",\"@id\":\"https:\/\/campingilpoggetto.com\/fr\/photo-video\/\",\"url\":\"https:\/\/campingilpoggetto.com\/fr\/photo-video\/\",\"name\":\"Photos et Vid\u00e9os du Camping Village il Poggetto, Toscane Chianti\",\"isPartOf\":{\"@id\":\"https:\/\/campingilpoggetto.com\/fr\/#website\"},\"datePublished\":\"2022-05-23T15:29:44+00:00\",\"dateModified\":\"2022-09-19T08:04:28+00:00\",\"description\":\"Les plus belles photos et vid\u00e9os du Camping Village il Poggetto : savourez ou revivez vos vacances avec les images du camping village situ\u00e9 \u00e0 proximit\u00e9 de Florence.\",\"breadcrumb\":{\"@id\":\"https:\/\/campingilpoggetto.com\/fr\/photo-video\/#breadcrumb\"},\"inLanguage\":\"fr-FR\",\"potentialAction\":[{\"@type\":\"ReadAction\",\"target\":[\"https:\/\/campingilpoggetto.com\/fr\/photo-video\/\"]}]},{\"@type\":\"BreadcrumbList\",\"@id\":\"https:\/\/campingilpoggetto.com\/fr\/photo-video\/#breadcrumb\",\"itemListElement\":[{\"@type\":\"ListItem\",\"position\":1,\"name\":\"Home\",\"item\":\"https:\/\/campingilpoggetto.com\/fr\/\"},{\"@type\":\"ListItem\",\"position\":2,\"name\":\"GALLERIE\"}]},{\"@type\":\"WebSite\",\"@id\":\"https:\/\/campingilpoggetto.com\/fr\/#website\",\"url\":\"https:\/\/campingilpoggetto.com\/fr\/\",\"name\":\"Camping il Poggetto\",\"description\":\"Camping il Poggetto\",\"publisher\":{\"@id\":\"https:\/\/campingilpoggetto.com\/fr\/#organization\"},\"potentialAction\":[{\"@type\":\"SearchAction\",\"target\":{\"@type\":\"EntryPoint\",\"urlTemplate\":\"https:\/\/campingilpoggetto.com\/fr\/?s={search_term_string}\"},\"query-input\":\"required name=search_term_string\"}],\"inLanguage\":\"fr-FR\"},{\"@type\":\"Organization\",\"@id\":\"https:\/\/campingilpoggetto.com\/fr\/#organization\",\"name\":\"Camping il Poggetto\",\"url\":\"https:\/\/campingilpoggetto.com\/fr\/\",\"logo\":{\"@type\":\"ImageObject\",\"inLanguage\":\"fr-FR\",\"@id\":\"https:\/\/campingilpoggetto.com\/fr\/#\/schema\/logo\/image\/\",\"url\":\"https:\/\/campingilpoggetto.com\/wp-content\/uploads\/2022\/05\/cropped-logo_ic-1.png\",\"contentUrl\":\"https:\/\/campingilpoggetto.com\/wp-content\/uploads\/2022\/05\/cropped-logo_ic-1.png\",\"width\":512,\"height\":512,\"caption\":\"Camping il Poggetto\"},\"image\":{\"@id\":\"https:\/\/campingilpoggetto.com\/fr\/#\/schema\/logo\/image\/\"},\"sameAs\":[\"https:\/\/www.facebook.com\/campingvillageilpoggetto\"]}]}<\/script>\n<!-- \/ Yoast SEO plugin. -->","yoast_head_json":{"title":"Photos et Vid\u00e9os du Camping Village il Poggetto, Toscane Chianti","description":"Les plus belles photos et vid\u00e9os du Camping Village il Poggetto : savourez ou revivez vos vacances avec les images du camping village situ\u00e9 \u00e0 proximit\u00e9 de Florence.","robots":{"index":"index","follow":"follow","max-snippet":"max-snippet:-1","max-image-preview":"max-image-preview:large","max-video-preview":"max-video-preview:-1"},"canonical":"https:\/\/campingilpoggetto.com\/fr\/photo-video\/","og_locale":"fr_FR","og_type":"article","og_title":"Photos et Vid\u00e9os du Camping Village il Poggetto, Toscane Chianti","og_description":"Les plus belles photos et vid\u00e9os du Camping Village il Poggetto : savourez ou revivez vos vacances avec les images du camping village situ\u00e9 \u00e0 proximit\u00e9 de Florence.","og_url":"https:\/\/campingilpoggetto.com\/fr\/photo-video\/","og_site_name":"Camping il Poggetto","article_publisher":"https:\/\/www.facebook.com\/campingvillageilpoggetto","article_modified_time":"2022-09-19T08:04:28+00:00","og_image":[{"width":960,"height":640,"url":"https:\/\/campingilpoggetto.com\/wp-content\/uploads\/2022\/05\/1481904443910.jpg","type":"image\/jpeg"}],"twitter_card":"summary_large_image","twitter_title":"Photos et Vid\u00e9os du Camping Village il Poggetto, Toscane Chianti","twitter_description":"Les plus belles photos et vid\u00e9os du Camping Village il Poggetto : savourez ou revivez vos vacances avec les images du camping village situ\u00e9 \u00e0 proximit\u00e9 de Florence.","twitter_image":"https:\/\/campingilpoggetto.com\/wp-content\/uploads\/2022\/05\/1481904443910.jpg","twitter_misc":{"Dur\u00e9e de lecture estim\u00e9e":"3 minutes"},"schema":{"@context":"https:\/\/schema.org","@graph":[{"@type":"WebPage","@id":"https:\/\/campingilpoggetto.com\/fr\/photo-video\/","url":"https:\/\/campingilpoggetto.com\/fr\/photo-video\/","name":"Photos et Vid\u00e9os du Camping Village il Poggetto, Toscane Chianti","isPartOf":{"@id":"https:\/\/campingilpoggetto.com\/fr\/#website"},"datePublished":"2022-05-23T15:29:44+00:00","dateModified":"2022-09-19T08:04:28+00:00","description":"Les plus belles photos et vid\u00e9os du Camping Village il Poggetto : savourez ou revivez vos vacances avec les images du camping village situ\u00e9 \u00e0 proximit\u00e9 de Florence.","breadcrumb":{"@id":"https:\/\/campingilpoggetto.com\/fr\/photo-video\/#breadcrumb"},"inLanguage":"fr-FR","potentialAction":[{"@type":"ReadAction","target":["https:\/\/campingilpoggetto.com\/fr\/photo-video\/"]}]},{"@type":"BreadcrumbList","@id":"https:\/\/campingilpoggetto.com\/fr\/photo-video\/#breadcrumb","itemListElement":[{"@type":"ListItem","position":1,"name":"Home","item":"https:\/\/campingilpoggetto.com\/fr\/"},{"@type":"ListItem","position":2,"name":"GALLERIE"}]},{"@type":"WebSite","@id":"https:\/\/campingilpoggetto.com\/fr\/#website","url":"https:\/\/campingilpoggetto.com\/fr\/","name":"Camping il Poggetto","description":"Camping il Poggetto","publisher":{"@id":"https:\/\/campingilpoggetto.com\/fr\/#organization"},"potentialAction":[{"@type":"SearchAction","target":{"@type":"EntryPoint","urlTemplate":"https:\/\/campingilpoggetto.com\/fr\/?s={search_term_string}"},"query-input":"required name=search_term_string"}],"inLanguage":"fr-FR"},{"@type":"Organization","@id":"https:\/\/campingilpoggetto.com\/fr\/#organization","name":"Camping il Poggetto","url":"https:\/\/campingilpoggetto.com\/fr\/","logo":{"@type":"ImageObject","inLanguage":"fr-FR","@id":"https:\/\/campingilpoggetto.com\/fr\/#\/schema\/logo\/image\/","url":"https:\/\/campingilpoggetto.com\/wp-content\/uploads\/2022\/05\/cropped-logo_ic-1.png","contentUrl":"https:\/\/campingilpoggetto.com\/wp-content\/uploads\/2022\/05\/cropped-logo_ic-1.png","width":512,"height":512,"caption":"Camping il Poggetto"},"image":{"@id":"https:\/\/campingilpoggetto.com\/fr\/#\/schema\/logo\/image\/"},"sameAs":["https:\/\/www.facebook.com\/campingvillageilpoggetto"]}]}},"_links":{"self":[{"href":"https:\/\/campingilpoggetto.com\/fr\/wp-json\/wp\/v2\/pages\/7290"}],"collection":[{"href":"https:\/\/campingilpoggetto.com\/fr\/wp-json\/wp\/v2\/pages"}],"about":[{"href":"https:\/\/campingilpoggetto.com\/fr\/wp-json\/wp\/v2\/types\/page"}],"author":[{"embeddable":true,"href":"https:\/\/campingilpoggetto.com\/fr\/wp-json\/wp\/v2\/users\/3"}],"replies":[{"embeddable":true,"href":"https:\/\/campingilpoggetto.com\/fr\/wp-json\/wp\/v2\/comments?post=7290"}],"version-history":[{"count":4,"href":"https:\/\/campingilpoggetto.com\/fr\/wp-json\/wp\/v2\/pages\/7290\/revisions"}],"predecessor-version":[{"id":9329,"href":"https:\/\/campingilpoggetto.com\/fr\/wp-json\/wp\/v2\/pages\/7290\/revisions\/9329"}],"wp:attachment":[{"href":"https:\/\/campingilpoggetto.com\/fr\/wp-json\/wp\/v2\/media?parent=7290"}],"curies":[{"name":"wp","href":"https:\/\/api.w.org\/{rel}","templated":true}]}}