{"id":7206,"date":"2022-05-23T17:28:17","date_gmt":"2022-05-23T15:28:17","guid":{"rendered":"http:\/\/campingilpoggetto.com\/noleggio-bici\/"},"modified":"2024-12-18T17:51:36","modified_gmt":"2024-12-18T16:51:36","slug":"location-velos-toscane","status":"publish","type":"page","link":"https:\/\/campingilpoggetto.com\/fr\/location-velos-toscane\/","title":{"rendered":"LOCATION DE V\u00c9LOS"},"content":{"rendered":"<div class=\"fusion-fullwidth fullwidth-box fusion-builder-row-1 fusion-flex-container nonhundred-percent-fullwidth non-hundred-percent-height-scrolling\" style=\"--awb-border-radius-top-left:0px;--awb-border-radius-top-right:0px;--awb-border-radius-bottom-right:0px;--awb-border-radius-bottom-left:0px;--awb-padding-top:5%;--awb-padding-right:10vw;--awb-padding-left:10vw;--awb-flex-wrap:wrap;\" ><div class=\"fusion-builder-row fusion-row fusion-flex-align-items-flex-start fusion-flex-content-wrap\" style=\"max-width:2080px;margin-left: calc(-4% \/ 2 );margin-right: calc(-4% \/ 2 );\"><div class=\"fusion-layout-column fusion_builder_column fusion-builder-column-0 fusion_builder_column_1_2 1_2 fusion-flex-column\" style=\"--awb-bg-size:cover;--awb-width-large:50%;--awb-margin-top-large:0px;--awb-spacing-right-large:3.84%;--awb-margin-bottom-large:20px;--awb-spacing-left-large:3.84%;--awb-width-medium:50%;--awb-order-medium:0;--awb-spacing-right-medium:3.84%;--awb-spacing-left-medium:3.84%;--awb-width-small:100%;--awb-order-small:0;--awb-spacing-right-small:1.92%;--awb-spacing-left-small:1.92%;\"><div class=\"fusion-column-wrapper fusion-column-has-shadow fusion-flex-justify-content-flex-start fusion-content-layout-column\"><div class=\"fusion-title title fusion-title-1 fusion-sep-none fusion-title-text fusion-title-size-one\" style=\"--awb-text-color:var(--awb-color6);--awb-font-size:48px;\"><h1 class=\"fusion-title-heading title-heading-left\" style=\"font-family:&quot;Poppins&quot;;margin:0;font-size:1em;line-height:51px;\">LOUER UN V\u00c9LO<\/h1><\/div><div class=\"fusion-title title fusion-title-2 fusion-sep-none fusion-title-text fusion-title-size-two\" style=\"--awb-text-color:var(--awb-color5);--awb-font-size:34px;\"><h2 class=\"fusion-title-heading title-heading-left\" style=\"font-family:&quot;PT Sans Narrow&quot;;font-style:normal;font-weight:700;margin:0;font-size:1em;line-height:51px;\">Pour des excursions au c\u0153ur de la Toscane<\/h2><\/div><div class=\"fusion-text fusion-text-1\" style=\"--awb-font-size:18px;--awb-line-height:31px;--awb-text-transform:none;--awb-text-color:var(--awb-color7);--awb-text-font-family:&quot;Noticia Text&quot;;--awb-text-font-style:normal;--awb-text-font-weight:400;\"><p>\u00c0 la r\u00e9ception, vous aurez la possibilit\u00e9 de louer des v\u00e9los \u00e9lectriques ou des VTT. La location est payante, en accord avec un fournisseur local, qui livrera les v\u00e9los directement au camping.<br \/>\nFaire du v\u00e9lo sur les collines du Chianti sera pour vous une exp\u00e9rience inoubliable.<br \/>\nQue vous d\u00e9cidiez de louer un v\u00e9lo ou que vous veniez chez nous d\u00e9j\u00e0 \u00e9quip\u00e9, nous vous fournirons tous les conseils et renseignements pour vos itin\u00e9raires.<\/p>\n<\/div><div class=\"fusion-title title fusion-title-3 fusion-sep-none fusion-title-text fusion-title-size-div\" style=\"--awb-text-color:var(--awb-color4);--awb-link-color:var(--awb-color4);--awb-font-size:16px;\"><div class=\"fusion-title-heading title-heading-left title-heading-tag\" style=\"font-family:&quot;Noticia Text&quot;;font-style:italic;font-weight:700;margin:0;font-size:1em;line-height:24px;\"><a href=\"https:\/\/campingilpoggetto.com\/fr\/terrain-camping-village-en-toscane\/\" class=\"awb-custom-text-color awb-custom-text-hover-color\" target=\"_self\"><i class=\"fa fa-reply\" aria-hidden=\"true\"><\/i> Retourner \u00e0 tous les services<\/a><\/div><\/div><div class=\"fusion-text fusion-text-2\" style=\"--awb-font-size:24px;--awb-line-height:36px;--awb-text-transform:none;--awb-text-color:var(--awb-color5);--awb-text-font-family:&quot;PT Sans Narrow&quot;;--awb-text-font-style:normal;--awb-text-font-weight:700;\"><p>Partager<\/p>\n<\/div><div class=\"fusion-social-links fusion-social-links-1\" style=\"--awb-margin-top:0px;--awb-margin-right:0px;--awb-margin-bottom:0px;--awb-margin-left:0px;--awb-box-border-top:0px;--awb-box-border-right:0px;--awb-box-border-bottom:0px;--awb-box-border-left:0px;--awb-icon-colors-hover:var(--awb-color1);--awb-box-colors-hover:rgba(45,67,114,0.91);--awb-box-border-color:var(--awb-color3);--awb-box-border-color-hover:var(--awb-color4);\"><div class=\"fusion-social-networks boxed-icons color-type-custom\"><div class=\"fusion-social-networks-wrapper\"><a class=\"fusion-social-network-icon fusion-tooltip fusion-facebook awb-icon-facebook\" style=\"color:var(--awb-color1);font-size:22px;width:22px;background-color:#2d4372;border-color:#2d4372;border-radius:50%;\" data-placement=\"top\" data-title=\"Facebook\" data-toggle=\"tooltip\" title=\"Facebook\" aria-label=\"facebook\" target=\"_blank\" rel=\"noopener noreferrer\" href=\"https:\/\/www.facebook.com\/campingvillageilpoggetto\"><\/a><\/div><\/div><\/div><\/div><\/div><div class=\"fusion-layout-column fusion_builder_column fusion-builder-column-1 fusion_builder_column_1_2 1_2 fusion-flex-column\" style=\"--awb-bg-size:cover;--awb-width-large:50%;--awb-margin-top-large:0px;--awb-spacing-right-large:3.84%;--awb-margin-bottom-large:20px;--awb-spacing-left-large:3.84%;--awb-width-medium:50%;--awb-order-medium:0;--awb-spacing-right-medium:3.84%;--awb-spacing-left-medium:3.84%;--awb-width-small:100%;--awb-order-small:0;--awb-spacing-right-small:1.92%;--awb-spacing-left-small:1.92%;\"><div class=\"fusion-column-wrapper fusion-column-has-shadow fusion-flex-justify-content-flex-start fusion-content-layout-column\"><div class=\"fusion-text fusion-text-3\" style=\"--awb-text-transform:none;\"><script type=\"text\/javascript\">\r\ndocument.addEventListener(\"DOMContentLoaded\", function(event) { \r\n\tjQuery( '#slider-pro-3-5349' ).sliderPro({\r\n\t\t\/\/width\r\n\t\t\t\twidth: 1000,\r\n\t\t\t\t\r\n\t\t\/\/height\r\n\t\t\t\theight: 400,\r\n\t\t\t\t\r\n\t\t\/\/auto play\r\n\t\t\t\tautoplay:  true,\r\n\t\tautoplayOnHover: 'none',\r\n\t\t\t\t\t\t\t\tautoplayDelay: 5000,\r\n\t\t\r\n\t\t\r\n\t\tarrows: true,\r\n\t\tbuttons: false,\r\n\t\tsmallSize: 500,\r\n\t\tmediumSize: 1000,\r\n\t\tlargeSize: 3000,\r\n\t\tfade: true,\r\n\t\t\r\n\t\t\/\/thumbnail\r\n\t\tthumbnailArrows: true,\r\n\t\tthumbnailWidth: 130,\r\n\t\tthumbnailHeight: 130,\r\n\t\t\t\t\t\tthumbnailsPosition: 'bottom',\r\n\t\t\t\t\t\tthumbnailPointer: true, \r\n\t\t\t\tcenterImage: true,\r\n\t\timageScaleMode: 'cover',\r\n\t\tallowScaleUp: true,\r\n\t\t\t\tstartSlide: 0,\r\n\t\tloop: true,\r\n\t\tslideDistance: 5,\r\n\t\tautoplayDirection: 'normal',\r\n\t\ttouchSwipe: true,\r\n\t\tfullScreen: true,\r\n\t});\r\n});\r\n<\/script>\r\n<style>\r\n\/* Layout 3 *\/\r\n\/* border *\/\r\n\r\n\/* font + color *\/\r\n.title-in  {\r\n\tfont-family: Arial !important;\r\n\tcolor: #FFFFFF !important;\r\n\tbackground-color: #000000 !important;\r\n\topacity: 0.7 !important;\r\n}\r\n.desc-in  {\r\n\tfont-family: Arial !important;\r\n\tcolor: #FFFFFF !important;\r\n\tbackground-color: #00000 !important;\r\n\topacity: 0.7 !important;\r\n}\r\n\r\n\/* bullets color *\/\r\n.sp-button  {\r\n\tborder: 2px solid #000000 !important;\r\n}\r\n.sp-selected-button  {\r\n\tbackground-color: #000000 !important;\r\n}\r\n\r\n\/* pointer color - bottom *\/\r\n.sp-selected-thumbnail::before {\r\n\tborder-bottom: 5px solid #31a044 !important;\r\n}\r\n.sp-selected-thumbnail::after {\r\n\tborder-bottom: 13px solid #31a044 !important;\r\n}\r\n\r\n\/* pointer color - top *\/\r\n\r\n\/* full screen icon *\/\r\n.sp-full-screen-button::before {\r\n    color: #FFFFFF !important;\r\n}\r\n\r\n\/* hover navigation icon color *\/\r\n.sp-next-arrow::after, .sp-next-arrow::before {\r\n\tbackground-color: #FFFFFF !important;\r\n}\r\n.sp-previous-arrow::after, .sp-previous-arrow::before {\r\n\tbackground-color: #FFFFFF !important;\r\n}\r\n\r\n#slider-pro-3-5349 .title-in {\r\n\tcolor: #FFFFFF !important;\r\n\tfont-weight: bolder;\r\n\ttext-align: center;\r\n}\r\n\r\n#slider-pro-3-5349 .title-in-bg {\r\n\tbackground: rgba(255, 255, 255, 0.7); !important;\r\n\twhite-space: unset !important;\r\n\tmax-width: 90%;\r\n\tmin-width: 40%;\r\n\ttransform: initial !important;\r\n\t-webkit-transform: initial !important;\r\n\tfont-size: 14px !important;\r\n}\r\n\r\n#slider-pro-3-5349 .desc-in {\r\n\tcolor: #FFFFFF !important;\r\n\ttext-align: center;\r\n}\r\n#slider-pro-3-5349 .desc-in-bg {\r\n\tbackground: rgba(#00000, 0.7) !important;\r\n\twhite-space: unset !important;\r\n\twidth: 80% !important;\r\n\tmin-width: 30%;\r\n\ttransform: initial !important;\r\n\t-webkit-transform: initial !important;\r\n\tfont-size: 13px !important;\r\n}\r\n\r\n@media (max-width: 640px) {\r\n\t#slider-pro-3-5349 .hide-small-screen {\r\n\t\tdisplay: none;\r\n\t}\r\n}\r\n\r\n@media (max-width: 860px) {\r\n\t#slider-pro-3-5349 .sp-layer {\r\n\t\tfont-size: 18px;\r\n\t}\r\n\t\r\n\t#slider-pro-3-5349 .hide-medium-screen {\r\n\t\tdisplay: none;\r\n\t}\r\n}\r\n.slides-not-found {\r\n\tbackground-color: #a92929;\r\n\tborder-radius: 5px;\r\n\tcolor: #fff;\r\n\tfont-family: initial;\r\n\ttext-align: center;\r\n\tpadding:12px;\r\n}\r\n\/* Custom CSS *\/\r\n<\/style>\r\n\t\t<div id=\"slider-pro-3-5349\" class=\"slider-pro\">\r\n\t\t\t<!---- slides div start ---->\r\n\t\t\t<div class=\"sp-slides\">\r\n\t\t\t\t\t\t\t\t\t\t<div class=\"sp-slide\">\r\n\t\t\t\t\t\t\t<img decoding=\"async\" class=\"sp-image\" loading=\"lazy\" alt=\"1\" src=\"https:\/\/campingilpoggetto.com\/wp-content\/plugins\/ultimate-responsive-image-slider\/assets\/css\/images\/blank.gif\" data-src=\"https:\/\/campingilpoggetto.com\/wp-content\/uploads\/2022\/05\/1-2.jpg\" \/>\r\n\r\n\t\t\t\t\t\t\t\r\n\t\t\t\t\t\t\t\t\t\t\t\t\t<\/div>\r\n\t\t\t\t\t\t\t\t\t<\/div>\r\n\t\t\t\r\n\t\t\t<!---- slides div end ---->\r\n\t\t\t\t\t\t<!-- slides thumbnails div start -->\r\n\t\t\t<div class=\"sp-thumbnails\">\r\n\t\t\t\t\t\t\t\t\t\t<img decoding=\"async\" class=\"sp-thumbnail\" loading=\"lazy\" src=\"https:\/\/campingilpoggetto.com\/wp-content\/plugins\/ultimate-responsive-image-slider\/assets\/img\/loading.gif\" data-src=\"https:\/\/campingilpoggetto.com\/wp-content\/uploads\/2022\/05\/1-2-300x200.jpg\" alt=\"1\"\/>\r\n\t\t\t\t\t\t\t\t<\/div>\r\n\t\t\t\t\t\t<!-- slides thumbnails div end -->\r\n\t\t<\/div>\r\n\n<\/div><\/div><\/div><\/div><\/div>\n","protected":false},"excerpt":{"rendered":"","protected":false},"author":3,"featured_media":0,"parent":0,"menu_order":0,"comment_status":"closed","ping_status":"closed","template":"","meta":{"footnotes":""},"acf":[],"yoast_head":"<!-- This site is optimized with the Yoast SEO plugin v21.9.1 - https:\/\/yoast.com\/wordpress\/plugins\/seo\/ -->\n<title>Camping avec Location V\u00e9los proche Florence, V\u00e9los \u00c9lectriques Toscane<\/title>\n<meta name=\"description\" content=\"\u00c0 la r\u00e9ception, vous aurez la possibilit\u00e9 de louer des v\u00e9los \u00e9lectriques et des VTT pour visiter le c\u0153ur de la Toscane et d\u00e9couvrir des parcours panoramiques.\" \/>\n<meta name=\"robots\" content=\"index, follow, max-snippet:-1, max-image-preview:large, max-video-preview:-1\" \/>\n<link rel=\"canonical\" href=\"https:\/\/campingilpoggetto.com\/fr\/location-velos-toscane\/\" \/>\n<meta property=\"og:locale\" content=\"fr_FR\" \/>\n<meta property=\"og:type\" content=\"article\" \/>\n<meta property=\"og:title\" content=\"Camping avec Location V\u00e9los proche Florence, V\u00e9los \u00c9lectriques Toscane\" \/>\n<meta property=\"og:description\" content=\"\u00c0 la r\u00e9ception, vous aurez la possibilit\u00e9 de louer des v\u00e9los \u00e9lectriques et des VTT pour visiter le c\u0153ur de la Toscane et d\u00e9couvrir des parcours panoramiques.\" \/>\n<meta property=\"og:url\" content=\"https:\/\/campingilpoggetto.com\/fr\/location-velos-toscane\/\" \/>\n<meta property=\"og:site_name\" content=\"Camping il Poggetto\" \/>\n<meta property=\"article:publisher\" content=\"https:\/\/www.facebook.com\/campingvillageilpoggetto\" \/>\n<meta property=\"article:modified_time\" content=\"2024-12-18T16:51:36+00:00\" \/>\n<meta property=\"og:image\" content=\"https:\/\/campingilpoggetto.com\/wp-content\/uploads\/2022\/05\/1-2.jpg\" \/>\n\t<meta property=\"og:image:width\" content=\"1200\" \/>\n\t<meta property=\"og:image:height\" content=\"800\" \/>\n\t<meta property=\"og:image:type\" content=\"image\/jpeg\" \/>\n<meta name=\"twitter:card\" content=\"summary_large_image\" \/>\n<meta name=\"twitter:title\" content=\"Camping avec Location V\u00e9los proche Florence, V\u00e9los \u00c9lectriques Toscane\" \/>\n<meta name=\"twitter:description\" content=\"\u00c0 la r\u00e9ception, vous aurez la possibilit\u00e9 de louer des v\u00e9los \u00e9lectriques et des VTT pour visiter le c\u0153ur de la Toscane et d\u00e9couvrir des parcours panoramiques.\" \/>\n<meta name=\"twitter:image\" content=\"https:\/\/campingilpoggetto.com\/wp-content\/uploads\/2022\/05\/1-2.jpg\" \/>\n<meta name=\"twitter:label1\" content=\"Dur\u00e9e de lecture estim\u00e9e\" \/>\n\t<meta name=\"twitter:data1\" content=\"1 minute\" \/>\n<script type=\"application\/ld+json\" class=\"yoast-schema-graph\">{\"@context\":\"https:\/\/schema.org\",\"@graph\":[{\"@type\":\"WebPage\",\"@id\":\"https:\/\/campingilpoggetto.com\/fr\/location-velos-toscane\/\",\"url\":\"https:\/\/campingilpoggetto.com\/fr\/location-velos-toscane\/\",\"name\":\"Camping avec Location V\u00e9los proche Florence, V\u00e9los \u00c9lectriques Toscane\",\"isPartOf\":{\"@id\":\"https:\/\/campingilpoggetto.com\/fr\/#website\"},\"datePublished\":\"2022-05-23T15:28:17+00:00\",\"dateModified\":\"2024-12-18T16:51:36+00:00\",\"description\":\"\u00c0 la r\u00e9ception, vous aurez la possibilit\u00e9 de louer des v\u00e9los \u00e9lectriques et des VTT pour visiter le c\u0153ur de la Toscane et d\u00e9couvrir des parcours panoramiques.\",\"breadcrumb\":{\"@id\":\"https:\/\/campingilpoggetto.com\/fr\/location-velos-toscane\/#breadcrumb\"},\"inLanguage\":\"fr-FR\",\"potentialAction\":[{\"@type\":\"ReadAction\",\"target\":[\"https:\/\/campingilpoggetto.com\/fr\/location-velos-toscane\/\"]}]},{\"@type\":\"BreadcrumbList\",\"@id\":\"https:\/\/campingilpoggetto.com\/fr\/location-velos-toscane\/#breadcrumb\",\"itemListElement\":[{\"@type\":\"ListItem\",\"position\":1,\"name\":\"Home\",\"item\":\"https:\/\/campingilpoggetto.com\/fr\/\"},{\"@type\":\"ListItem\",\"position\":2,\"name\":\"LOCATION DE V\u00c9LOS\"}]},{\"@type\":\"WebSite\",\"@id\":\"https:\/\/campingilpoggetto.com\/fr\/#website\",\"url\":\"https:\/\/campingilpoggetto.com\/fr\/\",\"name\":\"Camping il Poggetto\",\"description\":\"Camping il Poggetto\",\"publisher\":{\"@id\":\"https:\/\/campingilpoggetto.com\/fr\/#organization\"},\"potentialAction\":[{\"@type\":\"SearchAction\",\"target\":{\"@type\":\"EntryPoint\",\"urlTemplate\":\"https:\/\/campingilpoggetto.com\/fr\/?s={search_term_string}\"},\"query-input\":\"required name=search_term_string\"}],\"inLanguage\":\"fr-FR\"},{\"@type\":\"Organization\",\"@id\":\"https:\/\/campingilpoggetto.com\/fr\/#organization\",\"name\":\"Camping il Poggetto\",\"url\":\"https:\/\/campingilpoggetto.com\/fr\/\",\"logo\":{\"@type\":\"ImageObject\",\"inLanguage\":\"fr-FR\",\"@id\":\"https:\/\/campingilpoggetto.com\/fr\/#\/schema\/logo\/image\/\",\"url\":\"https:\/\/campingilpoggetto.com\/wp-content\/uploads\/2022\/05\/cropped-logo_ic-1.png\",\"contentUrl\":\"https:\/\/campingilpoggetto.com\/wp-content\/uploads\/2022\/05\/cropped-logo_ic-1.png\",\"width\":512,\"height\":512,\"caption\":\"Camping il Poggetto\"},\"image\":{\"@id\":\"https:\/\/campingilpoggetto.com\/fr\/#\/schema\/logo\/image\/\"},\"sameAs\":[\"https:\/\/www.facebook.com\/campingvillageilpoggetto\"]}]}<\/script>\n<!-- \/ Yoast SEO plugin. -->","yoast_head_json":{"title":"Camping avec Location V\u00e9los proche Florence, V\u00e9los \u00c9lectriques Toscane","description":"\u00c0 la r\u00e9ception, vous aurez la possibilit\u00e9 de louer des v\u00e9los \u00e9lectriques et des VTT pour visiter le c\u0153ur de la Toscane et d\u00e9couvrir des parcours panoramiques.","robots":{"index":"index","follow":"follow","max-snippet":"max-snippet:-1","max-image-preview":"max-image-preview:large","max-video-preview":"max-video-preview:-1"},"canonical":"https:\/\/campingilpoggetto.com\/fr\/location-velos-toscane\/","og_locale":"fr_FR","og_type":"article","og_title":"Camping avec Location V\u00e9los proche Florence, V\u00e9los \u00c9lectriques Toscane","og_description":"\u00c0 la r\u00e9ception, vous aurez la possibilit\u00e9 de louer des v\u00e9los \u00e9lectriques et des VTT pour visiter le c\u0153ur de la Toscane et d\u00e9couvrir des parcours panoramiques.","og_url":"https:\/\/campingilpoggetto.com\/fr\/location-velos-toscane\/","og_site_name":"Camping il Poggetto","article_publisher":"https:\/\/www.facebook.com\/campingvillageilpoggetto","article_modified_time":"2024-12-18T16:51:36+00:00","og_image":[{"width":1200,"height":800,"url":"https:\/\/campingilpoggetto.com\/wp-content\/uploads\/2022\/05\/1-2.jpg","type":"image\/jpeg"}],"twitter_card":"summary_large_image","twitter_title":"Camping avec Location V\u00e9los proche Florence, V\u00e9los \u00c9lectriques Toscane","twitter_description":"\u00c0 la r\u00e9ception, vous aurez la possibilit\u00e9 de louer des v\u00e9los \u00e9lectriques et des VTT pour visiter le c\u0153ur de la Toscane et d\u00e9couvrir des parcours panoramiques.","twitter_image":"https:\/\/campingilpoggetto.com\/wp-content\/uploads\/2022\/05\/1-2.jpg","twitter_misc":{"Dur\u00e9e de lecture estim\u00e9e":"1 minute"},"schema":{"@context":"https:\/\/schema.org","@graph":[{"@type":"WebPage","@id":"https:\/\/campingilpoggetto.com\/fr\/location-velos-toscane\/","url":"https:\/\/campingilpoggetto.com\/fr\/location-velos-toscane\/","name":"Camping avec Location V\u00e9los proche Florence, V\u00e9los \u00c9lectriques Toscane","isPartOf":{"@id":"https:\/\/campingilpoggetto.com\/fr\/#website"},"datePublished":"2022-05-23T15:28:17+00:00","dateModified":"2024-12-18T16:51:36+00:00","description":"\u00c0 la r\u00e9ception, vous aurez la possibilit\u00e9 de louer des v\u00e9los \u00e9lectriques et des VTT pour visiter le c\u0153ur de la Toscane et d\u00e9couvrir des parcours panoramiques.","breadcrumb":{"@id":"https:\/\/campingilpoggetto.com\/fr\/location-velos-toscane\/#breadcrumb"},"inLanguage":"fr-FR","potentialAction":[{"@type":"ReadAction","target":["https:\/\/campingilpoggetto.com\/fr\/location-velos-toscane\/"]}]},{"@type":"BreadcrumbList","@id":"https:\/\/campingilpoggetto.com\/fr\/location-velos-toscane\/#breadcrumb","itemListElement":[{"@type":"ListItem","position":1,"name":"Home","item":"https:\/\/campingilpoggetto.com\/fr\/"},{"@type":"ListItem","position":2,"name":"LOCATION DE V\u00c9LOS"}]},{"@type":"WebSite","@id":"https:\/\/campingilpoggetto.com\/fr\/#website","url":"https:\/\/campingilpoggetto.com\/fr\/","name":"Camping il Poggetto","description":"Camping il Poggetto","publisher":{"@id":"https:\/\/campingilpoggetto.com\/fr\/#organization"},"potentialAction":[{"@type":"SearchAction","target":{"@type":"EntryPoint","urlTemplate":"https:\/\/campingilpoggetto.com\/fr\/?s={search_term_string}"},"query-input":"required name=search_term_string"}],"inLanguage":"fr-FR"},{"@type":"Organization","@id":"https:\/\/campingilpoggetto.com\/fr\/#organization","name":"Camping il Poggetto","url":"https:\/\/campingilpoggetto.com\/fr\/","logo":{"@type":"ImageObject","inLanguage":"fr-FR","@id":"https:\/\/campingilpoggetto.com\/fr\/#\/schema\/logo\/image\/","url":"https:\/\/campingilpoggetto.com\/wp-content\/uploads\/2022\/05\/cropped-logo_ic-1.png","contentUrl":"https:\/\/campingilpoggetto.com\/wp-content\/uploads\/2022\/05\/cropped-logo_ic-1.png","width":512,"height":512,"caption":"Camping il Poggetto"},"image":{"@id":"https:\/\/campingilpoggetto.com\/fr\/#\/schema\/logo\/image\/"},"sameAs":["https:\/\/www.facebook.com\/campingvillageilpoggetto"]}]}},"_links":{"self":[{"href":"https:\/\/campingilpoggetto.com\/fr\/wp-json\/wp\/v2\/pages\/7206"}],"collection":[{"href":"https:\/\/campingilpoggetto.com\/fr\/wp-json\/wp\/v2\/pages"}],"about":[{"href":"https:\/\/campingilpoggetto.com\/fr\/wp-json\/wp\/v2\/types\/page"}],"author":[{"embeddable":true,"href":"https:\/\/campingilpoggetto.com\/fr\/wp-json\/wp\/v2\/users\/3"}],"replies":[{"embeddable":true,"href":"https:\/\/campingilpoggetto.com\/fr\/wp-json\/wp\/v2\/comments?post=7206"}],"version-history":[{"count":4,"href":"https:\/\/campingilpoggetto.com\/fr\/wp-json\/wp\/v2\/pages\/7206\/revisions"}],"predecessor-version":[{"id":9722,"href":"https:\/\/campingilpoggetto.com\/fr\/wp-json\/wp\/v2\/pages\/7206\/revisions\/9722"}],"wp:attachment":[{"href":"https:\/\/campingilpoggetto.com\/fr\/wp-json\/wp\/v2\/media?parent=7206"}],"curies":[{"name":"wp","href":"https:\/\/api.w.org\/{rel}","templated":true}]}}