{"id":7318,"date":"2022-05-23T17:30:08","date_gmt":"2022-05-23T15:30:08","guid":{"rendered":"http:\/\/campingilpoggetto.com\/come-arrivare\/"},"modified":"2024-08-16T10:17:23","modified_gmt":"2024-08-16T08:17:23","slug":"camping-toscana-florencia","status":"publish","type":"page","link":"https:\/\/campingilpoggetto.com\/es\/camping-toscana-florencia\/","title":{"rendered":"COMO LLEGAR"},"content":{"rendered":"<p><div class=\"fusion-fullwidth fullwidth-box fusion-builder-row-1 fusion-flex-container nonhundred-percent-fullwidth non-hundred-percent-height-scrolling\" style=\"--awb-border-radius-top-left:0px;--awb-border-radius-top-right:0px;--awb-border-radius-bottom-right:0px;--awb-border-radius-bottom-left:0px;--awb-padding-right:7vw;--awb-padding-left:7vw;--awb-flex-wrap:wrap;\" ><div class=\"fusion-builder-row fusion-row fusion-flex-align-items-flex-start fusion-flex-content-wrap\" style=\"max-width:2080px;margin-left: calc(-4% \/ 2 );margin-right: calc(-4% \/ 2 );\"><div class=\"fusion-layout-column fusion_builder_column fusion-builder-column-0 fusion_builder_column_1_1 1_1 fusion-flex-column\" style=\"--awb-padding-top:67px;--awb-padding-bottom:51px;--awb-bg-size:cover;--awb-width-large:100%;--awb-margin-top-large:0px;--awb-spacing-right-large:1.92%;--awb-margin-bottom-large:0px;--awb-spacing-left-large:1.92%;--awb-width-medium:100%;--awb-order-medium:0;--awb-spacing-right-medium:1.92%;--awb-spacing-left-medium:1.92%;--awb-width-small:100%;--awb-order-small:0;--awb-spacing-right-small:1.92%;--awb-spacing-left-small:1.92%;\"><div class=\"fusion-column-wrapper fusion-column-has-shadow fusion-flex-justify-content-flex-start fusion-content-layout-column\"><div class=\"fusion-title title fusion-title-1 fusion-sep-none fusion-title-center fusion-title-text fusion-title-size-one\" style=\"--awb-text-color:var(--awb-color6);--awb-font-size:48px;\"><h1 class=\"fusion-title-heading title-heading-center\" style=\"font-family:&quot;Poppins&quot;;font-style:normal;font-weight:700;margin:0;font-size:1em;line-height:57px;\">DONDE ESTAMOS<\/h1><\/div><div class=\"fusion-title title fusion-title-2 fusion-sep-none fusion-title-center fusion-title-text fusion-title-size-two\" style=\"--awb-text-color:var(--awb-color5);--awb-font-size:34px;\"><h2 class=\"fusion-title-heading title-heading-center\" style=\"font-family:&quot;PT Sans Narrow&quot;;font-style:normal;font-weight:700;margin:0;font-size:1em;line-height:51px;\">Il Camping Village en el corazon de la Toscana<\/h2><\/div><div class=\"fusion-text fusion-text-1\" style=\"--awb-content-alignment:center;--awb-font-size:18px;--awb-line-height:36px;--awb-text-transform:none;--awb-text-color:var(--awb-color7);--awb-text-font-family:&quot;Noticia Text&quot;;--awb-text-font-style:normal;--awb-text-font-weight:400;\"><p>Gestcamp s.r.l. Via Fiorentina, 212<br \/>\n50067 Troghi \/ Firenze<br \/>\nTel. \/ Fax: +39 055 8307323<\/p>\n<\/div><\/div><\/div><\/div><\/div><div class=\"fusion-fullwidth fullwidth-box fusion-builder-row-2 fusion-flex-container nonhundred-percent-fullwidth non-hundred-percent-height-scrolling\" style=\"--awb-border-radius-top-left:0px;--awb-border-radius-top-right:0px;--awb-border-radius-bottom-right:0px;--awb-border-radius-bottom-left:0px;--awb-padding-right:0px;--awb-padding-bottom:0px;--awb-padding-left:0px;--awb-margin-bottom:4%;--awb-background-color:#f7f7f7;--awb-flex-wrap:wrap;\" ><div class=\"fusion-builder-row fusion-row fusion-flex-align-items-flex-start fusion-flex-content-wrap\" style=\"max-width:2080px;margin-left: calc(-4% \/ 2 );margin-right: calc(-4% \/ 2 );\"><div class=\"fusion-layout-column fusion_builder_column fusion-builder-column-1 fusion_builder_column_1_2 1_2 fusion-flex-column\" style=\"--awb-bg-size:cover;--awb-width-large:50%;--awb-margin-top-large:0px;--awb-spacing-right-large:2.496%;--awb-margin-bottom-large:20px;--awb-spacing-left-large:3.84%;--awb-width-medium:50%;--awb-order-medium:0;--awb-spacing-right-medium:2.496%;--awb-spacing-left-medium:3.84%;--awb-width-small:100%;--awb-order-small:0;--awb-spacing-right-small:1.92%;--awb-spacing-left-small:1.92%;\"><div class=\"fusion-column-wrapper fusion-column-has-shadow fusion-flex-justify-content-flex-start fusion-content-layout-column\"><a class=\"fusion-modal-text-link\" data-toggle=\"modal\" data-target=\".fusion-modal.Maps\" href=\"#\"><iframe style=\"border: 0;\" src=\"https:\/\/www.google.com\/maps\/embed?pb=!1m18!1m12!1m3!1d2884.444950005181!2d11.403160214882325!3d43.70130145733802!2m3!1f0!2f0!3f0!3m2!1i1024!2i768!4f13.1!3m3!1m2!1s0x132bae0af76f1ce3%3A0x350b82d896e70b5f!2sCamping%20Village%20Il%20Poggetto!5e0!3m2!1sit!2sit!4v1662460806337!5m2!1sit!2sit\" width=\"100%\" height=\"450\" allowfullscreen=\"allowfullscreen\"><\/iframe><\/a><\/div><\/div><div class=\"fusion-layout-column fusion_builder_column fusion-builder-column-2 fusion_builder_column_1_2 1_2 fusion-flex-column\" style=\"--awb-padding-top:40px;--awb-padding-right:20px;--awb-padding-bottom:20px;--awb-bg-size:cover;--awb-width-large:50%;--awb-margin-top-large:0px;--awb-spacing-right-large:3.84%;--awb-margin-bottom-large:20px;--awb-spacing-left-large:2.112%;--awb-width-medium:50%;--awb-order-medium:0;--awb-spacing-right-medium:3.84%;--awb-spacing-left-medium:2.112%;--awb-width-small:100%;--awb-order-small:0;--awb-spacing-right-small:1.92%;--awb-spacing-left-small:1.92%;\"><div class=\"fusion-column-wrapper fusion-column-has-shadow fusion-flex-justify-content-flex-start fusion-content-layout-column\"><div class=\"fusion-text fusion-text-2\" style=\"--awb-content-alignment:left;--awb-font-size:18px;--awb-line-height:36px;--awb-text-transform:none;--awb-text-color:var(--awb-color7);--awb-text-font-family:&quot;Noticia Text&quot;;--awb-text-font-style:normal;--awb-text-font-weight:400;\"><p>El Camping Village il Poggetto es facilmente localizable desde toda Europa.<br \/>\nEn coche procediendo de la autostrada A1 le sugerimos tomar la salida Incisa-Reggello, voltear a la derecha sobre la SS69 en direccion Florencia, despues de alrededor de 4Km voltear a izquierda en direccion \u00abPian dell&#8217;Isola\u00bb y sigan hacia el final encontraran los carteles marrones que indican el Camping. Esto es el itinerario mas simple para quien maneja por primera vez en las calles toscanas.<\/p>\n<p>En avi\u00f3n puede aterrizar en Florencia, tomar el tranv\u00eda (l\u00ednea T2 Vespucci) hasta la estaci\u00f3n de tren Florencia &#8211; Santa Maria Novella y bajar en la parada \u00abAlamanni &#8211; Stazione\u00bb. En 10 minutos a pie llegar\u00e1 a la estaci\u00f3n de autobuses \u00abMontelungo Hub\u00bb. Aqu\u00ed puede tomar el autob\u00fas n\u00ba 353A o el n\u00ba 351A en direcci\u00f3n \u00abVia San Donato\u00bb, que le llevar\u00e1 al camping en unos 45 minutos. Otros aeropuertos, como los de Pisa y Bolonia, cuentan con numerosas l\u00edneas a\u00e9reas de bajo coste y est\u00e1n muy bien conectados con la estaci\u00f3n central FI-SMN de Florencia.<\/p>\n<\/div><\/div><\/div><\/div><\/div><\/p>\n","protected":false},"excerpt":{"rendered":"","protected":false},"author":3,"featured_media":0,"parent":0,"menu_order":0,"comment_status":"closed","ping_status":"closed","template":"","meta":{"footnotes":""},"acf":[],"yoast_head":"<!-- This site is optimized with the Yoast SEO plugin v21.9.1 - https:\/\/yoast.com\/wordpress\/plugins\/seo\/ -->\n<title>Camping Villas Toscana, Villas Troghi - Florencia, Chianti<\/title>\n<meta name=\"description\" content=\"El Camping Village el Poggetto esta inmerso en el corazon verde de la Toscana, en Troghi cerca a Florencia, entre los olivos y las vinas del Chianti. Te esperamos!\" \/>\n<meta name=\"robots\" content=\"index, follow, max-snippet:-1, max-image-preview:large, max-video-preview:-1\" \/>\n<link rel=\"canonical\" href=\"https:\/\/campingilpoggetto.com\/es\/camping-toscana-florencia\/\" \/>\n<meta property=\"og:locale\" content=\"es_ES\" \/>\n<meta property=\"og:type\" content=\"article\" \/>\n<meta property=\"og:title\" content=\"Camping Villas Toscana, Villas Troghi - Florencia, Chianti\" \/>\n<meta property=\"og:description\" content=\"El Camping Village el Poggetto esta inmerso en el corazon verde de la Toscana, en Troghi cerca a Florencia, entre los olivos y las vinas del Chianti. Te esperamos!\" \/>\n<meta property=\"og:url\" content=\"https:\/\/campingilpoggetto.com\/es\/camping-toscana-florencia\/\" \/>\n<meta property=\"og:site_name\" content=\"Camping il Poggetto\" \/>\n<meta property=\"article:publisher\" content=\"https:\/\/www.facebook.com\/campingvillageilpoggetto\" \/>\n<meta property=\"article:modified_time\" content=\"2024-08-16T08:17:23+00:00\" \/>\n<meta property=\"og:image\" content=\"https:\/\/campingilpoggetto.com\/wp-content\/uploads\/2022\/05\/1578051628938.jpg\" \/>\n\t<meta property=\"og:image:width\" content=\"960\" \/>\n\t<meta property=\"og:image:height\" content=\"640\" \/>\n\t<meta property=\"og:image:type\" content=\"image\/jpeg\" \/>\n<meta name=\"twitter:card\" content=\"summary_large_image\" \/>\n<meta name=\"twitter:title\" content=\"Camping Villas Toscana, Villas Troghi - Florencia, Chianti\" \/>\n<meta name=\"twitter:description\" content=\"El Camping Village el Poggetto esta inmerso en el corazon verde de la Toscana, en Troghi cerca a Florencia, entre los olivos y las vinas del Chianti. Te esperamos!\" \/>\n<meta name=\"twitter:image\" content=\"https:\/\/campingilpoggetto.com\/wp-content\/uploads\/2022\/05\/1578051628938.jpg\" \/>\n<meta name=\"twitter:label1\" content=\"Tiempo de lectura\" \/>\n\t<meta name=\"twitter:data1\" content=\"1 minuto\" \/>\n<script type=\"application\/ld+json\" class=\"yoast-schema-graph\">{\"@context\":\"https:\/\/schema.org\",\"@graph\":[{\"@type\":\"WebPage\",\"@id\":\"https:\/\/campingilpoggetto.com\/es\/camping-toscana-florencia\/\",\"url\":\"https:\/\/campingilpoggetto.com\/es\/camping-toscana-florencia\/\",\"name\":\"Camping Villas Toscana, Villas Troghi - Florencia, Chianti\",\"isPartOf\":{\"@id\":\"https:\/\/campingilpoggetto.com\/es\/#website\"},\"datePublished\":\"2022-05-23T15:30:08+00:00\",\"dateModified\":\"2024-08-16T08:17:23+00:00\",\"description\":\"El Camping Village el Poggetto esta inmerso en el corazon verde de la Toscana, en Troghi cerca a Florencia, entre los olivos y las vinas del Chianti. Te esperamos!\",\"breadcrumb\":{\"@id\":\"https:\/\/campingilpoggetto.com\/es\/camping-toscana-florencia\/#breadcrumb\"},\"inLanguage\":\"es\",\"potentialAction\":[{\"@type\":\"ReadAction\",\"target\":[\"https:\/\/campingilpoggetto.com\/es\/camping-toscana-florencia\/\"]}]},{\"@type\":\"BreadcrumbList\",\"@id\":\"https:\/\/campingilpoggetto.com\/es\/camping-toscana-florencia\/#breadcrumb\",\"itemListElement\":[{\"@type\":\"ListItem\",\"position\":1,\"name\":\"Home\",\"item\":\"https:\/\/campingilpoggetto.com\/es\/\"},{\"@type\":\"ListItem\",\"position\":2,\"name\":\"COMO LLEGAR\"}]},{\"@type\":\"WebSite\",\"@id\":\"https:\/\/campingilpoggetto.com\/es\/#website\",\"url\":\"https:\/\/campingilpoggetto.com\/es\/\",\"name\":\"Camping il Poggetto\",\"description\":\"Camping il Poggetto\",\"publisher\":{\"@id\":\"https:\/\/campingilpoggetto.com\/es\/#organization\"},\"potentialAction\":[{\"@type\":\"SearchAction\",\"target\":{\"@type\":\"EntryPoint\",\"urlTemplate\":\"https:\/\/campingilpoggetto.com\/es\/?s={search_term_string}\"},\"query-input\":\"required name=search_term_string\"}],\"inLanguage\":\"es\"},{\"@type\":\"Organization\",\"@id\":\"https:\/\/campingilpoggetto.com\/es\/#organization\",\"name\":\"Camping il Poggetto\",\"url\":\"https:\/\/campingilpoggetto.com\/es\/\",\"logo\":{\"@type\":\"ImageObject\",\"inLanguage\":\"es\",\"@id\":\"https:\/\/campingilpoggetto.com\/es\/#\/schema\/logo\/image\/\",\"url\":\"https:\/\/campingilpoggetto.com\/wp-content\/uploads\/2022\/05\/cropped-logo_ic-1.png\",\"contentUrl\":\"https:\/\/campingilpoggetto.com\/wp-content\/uploads\/2022\/05\/cropped-logo_ic-1.png\",\"width\":512,\"height\":512,\"caption\":\"Camping il Poggetto\"},\"image\":{\"@id\":\"https:\/\/campingilpoggetto.com\/es\/#\/schema\/logo\/image\/\"},\"sameAs\":[\"https:\/\/www.facebook.com\/campingvillageilpoggetto\"]}]}<\/script>\n<!-- \/ Yoast SEO plugin. -->","yoast_head_json":{"title":"Camping Villas Toscana, Villas Troghi - Florencia, Chianti","description":"El Camping Village el Poggetto esta inmerso en el corazon verde de la Toscana, en Troghi cerca a Florencia, entre los olivos y las vinas del Chianti. Te esperamos!","robots":{"index":"index","follow":"follow","max-snippet":"max-snippet:-1","max-image-preview":"max-image-preview:large","max-video-preview":"max-video-preview:-1"},"canonical":"https:\/\/campingilpoggetto.com\/es\/camping-toscana-florencia\/","og_locale":"es_ES","og_type":"article","og_title":"Camping Villas Toscana, Villas Troghi - Florencia, Chianti","og_description":"El Camping Village el Poggetto esta inmerso en el corazon verde de la Toscana, en Troghi cerca a Florencia, entre los olivos y las vinas del Chianti. Te esperamos!","og_url":"https:\/\/campingilpoggetto.com\/es\/camping-toscana-florencia\/","og_site_name":"Camping il Poggetto","article_publisher":"https:\/\/www.facebook.com\/campingvillageilpoggetto","article_modified_time":"2024-08-16T08:17:23+00:00","og_image":[{"width":960,"height":640,"url":"https:\/\/campingilpoggetto.com\/wp-content\/uploads\/2022\/05\/1578051628938.jpg","type":"image\/jpeg"}],"twitter_card":"summary_large_image","twitter_title":"Camping Villas Toscana, Villas Troghi - Florencia, Chianti","twitter_description":"El Camping Village el Poggetto esta inmerso en el corazon verde de la Toscana, en Troghi cerca a Florencia, entre los olivos y las vinas del Chianti. Te esperamos!","twitter_image":"https:\/\/campingilpoggetto.com\/wp-content\/uploads\/2022\/05\/1578051628938.jpg","twitter_misc":{"Tiempo de lectura":"1 minuto"},"schema":{"@context":"https:\/\/schema.org","@graph":[{"@type":"WebPage","@id":"https:\/\/campingilpoggetto.com\/es\/camping-toscana-florencia\/","url":"https:\/\/campingilpoggetto.com\/es\/camping-toscana-florencia\/","name":"Camping Villas Toscana, Villas Troghi - Florencia, Chianti","isPartOf":{"@id":"https:\/\/campingilpoggetto.com\/es\/#website"},"datePublished":"2022-05-23T15:30:08+00:00","dateModified":"2024-08-16T08:17:23+00:00","description":"El Camping Village el Poggetto esta inmerso en el corazon verde de la Toscana, en Troghi cerca a Florencia, entre los olivos y las vinas del Chianti. Te esperamos!","breadcrumb":{"@id":"https:\/\/campingilpoggetto.com\/es\/camping-toscana-florencia\/#breadcrumb"},"inLanguage":"es","potentialAction":[{"@type":"ReadAction","target":["https:\/\/campingilpoggetto.com\/es\/camping-toscana-florencia\/"]}]},{"@type":"BreadcrumbList","@id":"https:\/\/campingilpoggetto.com\/es\/camping-toscana-florencia\/#breadcrumb","itemListElement":[{"@type":"ListItem","position":1,"name":"Home","item":"https:\/\/campingilpoggetto.com\/es\/"},{"@type":"ListItem","position":2,"name":"COMO LLEGAR"}]},{"@type":"WebSite","@id":"https:\/\/campingilpoggetto.com\/es\/#website","url":"https:\/\/campingilpoggetto.com\/es\/","name":"Camping il Poggetto","description":"Camping il Poggetto","publisher":{"@id":"https:\/\/campingilpoggetto.com\/es\/#organization"},"potentialAction":[{"@type":"SearchAction","target":{"@type":"EntryPoint","urlTemplate":"https:\/\/campingilpoggetto.com\/es\/?s={search_term_string}"},"query-input":"required name=search_term_string"}],"inLanguage":"es"},{"@type":"Organization","@id":"https:\/\/campingilpoggetto.com\/es\/#organization","name":"Camping il Poggetto","url":"https:\/\/campingilpoggetto.com\/es\/","logo":{"@type":"ImageObject","inLanguage":"es","@id":"https:\/\/campingilpoggetto.com\/es\/#\/schema\/logo\/image\/","url":"https:\/\/campingilpoggetto.com\/wp-content\/uploads\/2022\/05\/cropped-logo_ic-1.png","contentUrl":"https:\/\/campingilpoggetto.com\/wp-content\/uploads\/2022\/05\/cropped-logo_ic-1.png","width":512,"height":512,"caption":"Camping il Poggetto"},"image":{"@id":"https:\/\/campingilpoggetto.com\/es\/#\/schema\/logo\/image\/"},"sameAs":["https:\/\/www.facebook.com\/campingvillageilpoggetto"]}]}},"_links":{"self":[{"href":"https:\/\/campingilpoggetto.com\/es\/wp-json\/wp\/v2\/pages\/7318"}],"collection":[{"href":"https:\/\/campingilpoggetto.com\/es\/wp-json\/wp\/v2\/pages"}],"about":[{"href":"https:\/\/campingilpoggetto.com\/es\/wp-json\/wp\/v2\/types\/page"}],"author":[{"embeddable":true,"href":"https:\/\/campingilpoggetto.com\/es\/wp-json\/wp\/v2\/users\/3"}],"replies":[{"embeddable":true,"href":"https:\/\/campingilpoggetto.com\/es\/wp-json\/wp\/v2\/comments?post=7318"}],"version-history":[{"count":4,"href":"https:\/\/campingilpoggetto.com\/es\/wp-json\/wp\/v2\/pages\/7318\/revisions"}],"predecessor-version":[{"id":9625,"href":"https:\/\/campingilpoggetto.com\/es\/wp-json\/wp\/v2\/pages\/7318\/revisions\/9625"}],"wp:attachment":[{"href":"https:\/\/campingilpoggetto.com\/es\/wp-json\/wp\/v2\/media?parent=7318"}],"curies":[{"name":"wp","href":"https:\/\/api.w.org\/{rel}","templated":true}]}}