{"id":7316,"date":"2022-05-23T17:30:08","date_gmt":"2022-05-23T15:30:08","guid":{"rendered":"http:\/\/campingilpoggetto.com\/come-arrivare\/"},"modified":"2024-08-16T10:15:54","modified_gmt":"2024-08-16T08:15:54","slug":"camping-toskana-florenz","status":"publish","type":"page","link":"https:\/\/campingilpoggetto.com\/de\/camping-toskana-florenz\/","title":{"rendered":"ANFAHRT"},"content":{"rendered":"<p><div class=\"fusion-fullwidth fullwidth-box fusion-builder-row-1 fusion-flex-container nonhundred-percent-fullwidth non-hundred-percent-height-scrolling\" style=\"--awb-border-radius-top-left:0px;--awb-border-radius-top-right:0px;--awb-border-radius-bottom-right:0px;--awb-border-radius-bottom-left:0px;--awb-padding-right:7vw;--awb-padding-left:7vw;--awb-flex-wrap:wrap;\" ><div class=\"fusion-builder-row fusion-row fusion-flex-align-items-flex-start fusion-flex-content-wrap\" style=\"max-width:2080px;margin-left: calc(-4% \/ 2 );margin-right: calc(-4% \/ 2 );\"><div class=\"fusion-layout-column fusion_builder_column fusion-builder-column-0 fusion_builder_column_1_1 1_1 fusion-flex-column\" style=\"--awb-padding-top:67px;--awb-padding-bottom:51px;--awb-bg-size:cover;--awb-width-large:100%;--awb-margin-top-large:0px;--awb-spacing-right-large:1.92%;--awb-margin-bottom-large:0px;--awb-spacing-left-large:1.92%;--awb-width-medium:100%;--awb-order-medium:0;--awb-spacing-right-medium:1.92%;--awb-spacing-left-medium:1.92%;--awb-width-small:100%;--awb-order-small:0;--awb-spacing-right-small:1.92%;--awb-spacing-left-small:1.92%;\"><div class=\"fusion-column-wrapper fusion-column-has-shadow fusion-flex-justify-content-flex-start fusion-content-layout-column\"><div class=\"fusion-title title fusion-title-1 fusion-sep-none fusion-title-center fusion-title-text fusion-title-size-one\" style=\"--awb-text-color:var(--awb-color6);--awb-font-size:48px;\"><h1 class=\"fusion-title-heading title-heading-center\" style=\"font-family:&quot;Poppins&quot;;font-style:normal;font-weight:700;margin:0;font-size:1em;line-height:57px;\">WO SIND WIR<\/h1><\/div><div class=\"fusion-title title fusion-title-2 fusion-sep-none fusion-title-center fusion-title-text fusion-title-size-two\" style=\"--awb-text-color:var(--awb-color5);--awb-font-size:34px;\"><h2 class=\"fusion-title-heading title-heading-center\" style=\"font-family:&quot;PT Sans Narrow&quot;;font-style:normal;font-weight:700;margin:0;font-size:1em;line-height:51px;\">Das Feriendorf im Herzen der Toskana<\/h2><\/div><div class=\"fusion-text fusion-text-1\" style=\"--awb-content-alignment:center;--awb-font-size:18px;--awb-line-height:36px;--awb-text-transform:none;--awb-text-color:var(--awb-color7);--awb-text-font-family:&quot;Noticia Text&quot;;--awb-text-font-style:normal;--awb-text-font-weight:400;\"><p>Gestcamp s.r.l. Via Fiorentina, 212<br \/>\n50067 Troghi \/ Firenze<br \/>\nTel. \/ Fax +39 055 8307323<\/p>\n<\/div><\/div><\/div><\/div><\/div><div class=\"fusion-fullwidth fullwidth-box fusion-builder-row-2 fusion-flex-container nonhundred-percent-fullwidth non-hundred-percent-height-scrolling\" style=\"--awb-border-radius-top-left:0px;--awb-border-radius-top-right:0px;--awb-border-radius-bottom-right:0px;--awb-border-radius-bottom-left:0px;--awb-padding-right:0px;--awb-padding-bottom:0px;--awb-padding-left:0px;--awb-margin-bottom:4%;--awb-background-color:#f7f7f7;--awb-flex-wrap:wrap;\" ><div class=\"fusion-builder-row fusion-row fusion-flex-align-items-flex-start fusion-flex-content-wrap\" style=\"max-width:2080px;margin-left: calc(-4% \/ 2 );margin-right: calc(-4% \/ 2 );\"><div class=\"fusion-layout-column fusion_builder_column fusion-builder-column-1 fusion_builder_column_1_2 1_2 fusion-flex-column\" style=\"--awb-bg-size:cover;--awb-width-large:50%;--awb-margin-top-large:0px;--awb-spacing-right-large:2.496%;--awb-margin-bottom-large:20px;--awb-spacing-left-large:3.84%;--awb-width-medium:50%;--awb-order-medium:0;--awb-spacing-right-medium:2.496%;--awb-spacing-left-medium:3.84%;--awb-width-small:100%;--awb-order-small:0;--awb-spacing-right-small:1.92%;--awb-spacing-left-small:1.92%;\"><div class=\"fusion-column-wrapper fusion-column-has-shadow fusion-flex-justify-content-flex-start fusion-content-layout-column\"><a class=\"fusion-modal-text-link\" data-toggle=\"modal\" data-target=\".fusion-modal.Maps\" href=\"#\"><iframe src=\"https:\/\/www.google.com\/maps\/embed?pb=!1m18!1m12!1m3!1d2884.444950005181!2d11.403160214882325!3d43.70130145733802!2m3!1f0!2f0!3f0!3m2!1i1024!2i768!4f13.1!3m3!1m2!1s0x132bae0af76f1ce3%3A0x350b82d896e70b5f!2sCamping%20Village%20Il%20Poggetto!5e0!3m2!1sit!2sit!4v1662460806337!5m2!1sit!2sit\" width=\"100%\" height=\"450\" style=\"border:0;\" allowfullscreen=\"\" loading=\"lazy\" referrerpolicy=\"no-referrer-when-downgrade\"><\/iframe><\/a><\/div><\/div><div class=\"fusion-layout-column fusion_builder_column fusion-builder-column-2 fusion_builder_column_1_2 1_2 fusion-flex-column\" style=\"--awb-padding-top:40px;--awb-padding-right:20px;--awb-padding-bottom:20px;--awb-bg-size:cover;--awb-width-large:50%;--awb-margin-top-large:0px;--awb-spacing-right-large:3.84%;--awb-margin-bottom-large:20px;--awb-spacing-left-large:2.112%;--awb-width-medium:50%;--awb-order-medium:0;--awb-spacing-right-medium:3.84%;--awb-spacing-left-medium:2.112%;--awb-width-small:100%;--awb-order-small:0;--awb-spacing-right-small:1.92%;--awb-spacing-left-small:1.92%;\"><div class=\"fusion-column-wrapper fusion-column-has-shadow fusion-flex-justify-content-flex-start fusion-content-layout-column\"><div class=\"fusion-text fusion-text-2\" style=\"--awb-content-alignment:left;--awb-font-size:18px;--awb-line-height:36px;--awb-text-transform:none;--awb-text-color:var(--awb-color7);--awb-text-font-family:&quot;Noticia Text&quot;;--awb-text-font-style:normal;--awb-text-font-weight:400;\"><p>Das Feriendorf Il Poggetto ist leicht von ganz Europa aus zu erreichen.<br \/>\nMit dem Auto \u00fcber die Autobahn A1 nehmen Sie am besten die Ausfahrt Incisa-Reggello und biegen rechts auf die SS 69 in Richtung Florenz ein. Nach ungef\u00e4hr 4 km nach links in Richtung &#8222;Pian dell&#8217;Isola und der Stra\u00dfe bis zu den braunen Schildern folgen, die auf den Campingplatz hinweisen. Dies ist die einfachste Route f\u00fcr diejenigen, die zum ersten Mal auf den toskanischen Stra\u00dfen fahren.<\/p>\n<p>Mit dem Flugzeug k\u00f6nnen Sie in Florenz landen, mit der Stra\u00dfenbahn (T2 Vespucci) zum Bahnhof Florenz &#8211; Santa Maria Novella fahren und an der Haltestelle &#8222;Alamanni &#8211; Stazione&#8220; aussteigen. In 10 Minuten erreichen Sie zu Fu\u00df die Bushaltestelle &#8222;Montelungo Hub&#8220;. Sie k\u00f6nnen den Bus Nr. 353A oder Nr. 351A Richtung &#8222;Via San Donato&#8220; nehmen und in 45 Minuten erreichen Sie den Campingplatz. Andere Flugh\u00e4fen wie Pisa und Bologna verf\u00fcgen \u00fcber zahlreiche Low-Cost-Unternehmen, die eine gute Verbindung zum FI-SMN-Hauptbahnhof von Florenz haben.<\/p>\n<\/div><\/div><\/div><\/div><\/div><\/p>\n","protected":false},"excerpt":{"rendered":"","protected":false},"author":3,"featured_media":0,"parent":0,"menu_order":0,"comment_status":"closed","ping_status":"closed","template":"","meta":{"footnotes":""},"acf":[],"yoast_head":"<!-- This site is optimized with the Yoast SEO plugin v21.9.1 - https:\/\/yoast.com\/wordpress\/plugins\/seo\/ -->\n<title>Feriendorf Toskana, Dorf Troghi - Florenz, Chianti<\/title>\n<meta name=\"description\" content=\"Das Feriendorf Il Poggetto liegt mitten im gr\u00fcnen Herzen der Toskana bei Troghi in der N\u00e4he von Florenz zwischen den Oliven und Weinbergen des Chianti-Gebiets. Wir warten auf Sie!\" \/>\n<meta name=\"robots\" content=\"index, follow, max-snippet:-1, max-image-preview:large, max-video-preview:-1\" \/>\n<link rel=\"canonical\" href=\"https:\/\/campingilpoggetto.com\/de\/camping-toskana-florenz\/\" \/>\n<meta property=\"og:locale\" content=\"de_DE\" \/>\n<meta property=\"og:type\" content=\"article\" \/>\n<meta property=\"og:title\" content=\"Feriendorf Toskana, Dorf Troghi - Florenz, Chianti\" \/>\n<meta property=\"og:description\" content=\"Das Feriendorf Il Poggetto liegt mitten im gr\u00fcnen Herzen der Toskana bei Troghi in der N\u00e4he von Florenz zwischen den Oliven und Weinbergen des Chianti-Gebiets. Wir warten auf Sie!\" \/>\n<meta property=\"og:url\" content=\"https:\/\/campingilpoggetto.com\/de\/camping-toskana-florenz\/\" \/>\n<meta property=\"og:site_name\" content=\"Camping il Poggetto\" \/>\n<meta property=\"article:publisher\" content=\"https:\/\/www.facebook.com\/campingvillageilpoggetto\" \/>\n<meta property=\"article:modified_time\" content=\"2024-08-16T08:15:54+00:00\" \/>\n<meta property=\"og:image\" content=\"https:\/\/campingilpoggetto.com\/wp-content\/uploads\/2022\/05\/1578051628938.jpg\" \/>\n\t<meta property=\"og:image:width\" content=\"960\" \/>\n\t<meta property=\"og:image:height\" content=\"640\" \/>\n\t<meta property=\"og:image:type\" content=\"image\/jpeg\" \/>\n<meta name=\"twitter:card\" content=\"summary_large_image\" \/>\n<meta name=\"twitter:title\" content=\"Feriendorf Toskana, Dorf Troghi - Florenz, Chianti\" \/>\n<meta name=\"twitter:description\" content=\"Das Feriendorf Il Poggetto liegt mitten im gr\u00fcnen Herzen der Toskana bei Troghi in der N\u00e4he von Florenz zwischen den Oliven und Weinbergen des Chianti-Gebiets. Wir warten auf Sie!\" \/>\n<meta name=\"twitter:image\" content=\"https:\/\/campingilpoggetto.com\/wp-content\/uploads\/2022\/05\/1578051628938.jpg\" \/>\n<meta name=\"twitter:label1\" content=\"Gesch\u00e4tzte Lesezeit\" \/>\n\t<meta name=\"twitter:data1\" content=\"1\u00a0Minute\" \/>\n<script type=\"application\/ld+json\" class=\"yoast-schema-graph\">{\"@context\":\"https:\/\/schema.org\",\"@graph\":[{\"@type\":\"WebPage\",\"@id\":\"https:\/\/campingilpoggetto.com\/de\/camping-toskana-florenz\/\",\"url\":\"https:\/\/campingilpoggetto.com\/de\/camping-toskana-florenz\/\",\"name\":\"Feriendorf Toskana, Dorf Troghi - Florenz, Chianti\",\"isPartOf\":{\"@id\":\"https:\/\/campingilpoggetto.com\/de\/#website\"},\"datePublished\":\"2022-05-23T15:30:08+00:00\",\"dateModified\":\"2024-08-16T08:15:54+00:00\",\"description\":\"Das Feriendorf Il Poggetto liegt mitten im gr\u00fcnen Herzen der Toskana bei Troghi in der N\u00e4he von Florenz zwischen den Oliven und Weinbergen des Chianti-Gebiets. Wir warten auf Sie!\",\"breadcrumb\":{\"@id\":\"https:\/\/campingilpoggetto.com\/de\/camping-toskana-florenz\/#breadcrumb\"},\"inLanguage\":\"de\",\"potentialAction\":[{\"@type\":\"ReadAction\",\"target\":[\"https:\/\/campingilpoggetto.com\/de\/camping-toskana-florenz\/\"]}]},{\"@type\":\"BreadcrumbList\",\"@id\":\"https:\/\/campingilpoggetto.com\/de\/camping-toskana-florenz\/#breadcrumb\",\"itemListElement\":[{\"@type\":\"ListItem\",\"position\":1,\"name\":\"Home\",\"item\":\"https:\/\/campingilpoggetto.com\/de\/\"},{\"@type\":\"ListItem\",\"position\":2,\"name\":\"ANFAHRT\"}]},{\"@type\":\"WebSite\",\"@id\":\"https:\/\/campingilpoggetto.com\/de\/#website\",\"url\":\"https:\/\/campingilpoggetto.com\/de\/\",\"name\":\"Camping il Poggetto\",\"description\":\"Camping il Poggetto\",\"publisher\":{\"@id\":\"https:\/\/campingilpoggetto.com\/de\/#organization\"},\"potentialAction\":[{\"@type\":\"SearchAction\",\"target\":{\"@type\":\"EntryPoint\",\"urlTemplate\":\"https:\/\/campingilpoggetto.com\/de\/?s={search_term_string}\"},\"query-input\":\"required name=search_term_string\"}],\"inLanguage\":\"de\"},{\"@type\":\"Organization\",\"@id\":\"https:\/\/campingilpoggetto.com\/de\/#organization\",\"name\":\"Camping il Poggetto\",\"url\":\"https:\/\/campingilpoggetto.com\/de\/\",\"logo\":{\"@type\":\"ImageObject\",\"inLanguage\":\"de\",\"@id\":\"https:\/\/campingilpoggetto.com\/de\/#\/schema\/logo\/image\/\",\"url\":\"https:\/\/campingilpoggetto.com\/wp-content\/uploads\/2022\/05\/cropped-logo_ic-1.png\",\"contentUrl\":\"https:\/\/campingilpoggetto.com\/wp-content\/uploads\/2022\/05\/cropped-logo_ic-1.png\",\"width\":512,\"height\":512,\"caption\":\"Camping il Poggetto\"},\"image\":{\"@id\":\"https:\/\/campingilpoggetto.com\/de\/#\/schema\/logo\/image\/\"},\"sameAs\":[\"https:\/\/www.facebook.com\/campingvillageilpoggetto\"]}]}<\/script>\n<!-- \/ Yoast SEO plugin. -->","yoast_head_json":{"title":"Feriendorf Toskana, Dorf Troghi - Florenz, Chianti","description":"Das Feriendorf Il Poggetto liegt mitten im gr\u00fcnen Herzen der Toskana bei Troghi in der N\u00e4he von Florenz zwischen den Oliven und Weinbergen des Chianti-Gebiets. Wir warten auf Sie!","robots":{"index":"index","follow":"follow","max-snippet":"max-snippet:-1","max-image-preview":"max-image-preview:large","max-video-preview":"max-video-preview:-1"},"canonical":"https:\/\/campingilpoggetto.com\/de\/camping-toskana-florenz\/","og_locale":"de_DE","og_type":"article","og_title":"Feriendorf Toskana, Dorf Troghi - Florenz, Chianti","og_description":"Das Feriendorf Il Poggetto liegt mitten im gr\u00fcnen Herzen der Toskana bei Troghi in der N\u00e4he von Florenz zwischen den Oliven und Weinbergen des Chianti-Gebiets. Wir warten auf Sie!","og_url":"https:\/\/campingilpoggetto.com\/de\/camping-toskana-florenz\/","og_site_name":"Camping il Poggetto","article_publisher":"https:\/\/www.facebook.com\/campingvillageilpoggetto","article_modified_time":"2024-08-16T08:15:54+00:00","og_image":[{"width":960,"height":640,"url":"https:\/\/campingilpoggetto.com\/wp-content\/uploads\/2022\/05\/1578051628938.jpg","type":"image\/jpeg"}],"twitter_card":"summary_large_image","twitter_title":"Feriendorf Toskana, Dorf Troghi - Florenz, Chianti","twitter_description":"Das Feriendorf Il Poggetto liegt mitten im gr\u00fcnen Herzen der Toskana bei Troghi in der N\u00e4he von Florenz zwischen den Oliven und Weinbergen des Chianti-Gebiets. Wir warten auf Sie!","twitter_image":"https:\/\/campingilpoggetto.com\/wp-content\/uploads\/2022\/05\/1578051628938.jpg","twitter_misc":{"Gesch\u00e4tzte Lesezeit":"1\u00a0Minute"},"schema":{"@context":"https:\/\/schema.org","@graph":[{"@type":"WebPage","@id":"https:\/\/campingilpoggetto.com\/de\/camping-toskana-florenz\/","url":"https:\/\/campingilpoggetto.com\/de\/camping-toskana-florenz\/","name":"Feriendorf Toskana, Dorf Troghi - Florenz, Chianti","isPartOf":{"@id":"https:\/\/campingilpoggetto.com\/de\/#website"},"datePublished":"2022-05-23T15:30:08+00:00","dateModified":"2024-08-16T08:15:54+00:00","description":"Das Feriendorf Il Poggetto liegt mitten im gr\u00fcnen Herzen der Toskana bei Troghi in der N\u00e4he von Florenz zwischen den Oliven und Weinbergen des Chianti-Gebiets. Wir warten auf Sie!","breadcrumb":{"@id":"https:\/\/campingilpoggetto.com\/de\/camping-toskana-florenz\/#breadcrumb"},"inLanguage":"de","potentialAction":[{"@type":"ReadAction","target":["https:\/\/campingilpoggetto.com\/de\/camping-toskana-florenz\/"]}]},{"@type":"BreadcrumbList","@id":"https:\/\/campingilpoggetto.com\/de\/camping-toskana-florenz\/#breadcrumb","itemListElement":[{"@type":"ListItem","position":1,"name":"Home","item":"https:\/\/campingilpoggetto.com\/de\/"},{"@type":"ListItem","position":2,"name":"ANFAHRT"}]},{"@type":"WebSite","@id":"https:\/\/campingilpoggetto.com\/de\/#website","url":"https:\/\/campingilpoggetto.com\/de\/","name":"Camping il Poggetto","description":"Camping il Poggetto","publisher":{"@id":"https:\/\/campingilpoggetto.com\/de\/#organization"},"potentialAction":[{"@type":"SearchAction","target":{"@type":"EntryPoint","urlTemplate":"https:\/\/campingilpoggetto.com\/de\/?s={search_term_string}"},"query-input":"required name=search_term_string"}],"inLanguage":"de"},{"@type":"Organization","@id":"https:\/\/campingilpoggetto.com\/de\/#organization","name":"Camping il Poggetto","url":"https:\/\/campingilpoggetto.com\/de\/","logo":{"@type":"ImageObject","inLanguage":"de","@id":"https:\/\/campingilpoggetto.com\/de\/#\/schema\/logo\/image\/","url":"https:\/\/campingilpoggetto.com\/wp-content\/uploads\/2022\/05\/cropped-logo_ic-1.png","contentUrl":"https:\/\/campingilpoggetto.com\/wp-content\/uploads\/2022\/05\/cropped-logo_ic-1.png","width":512,"height":512,"caption":"Camping il Poggetto"},"image":{"@id":"https:\/\/campingilpoggetto.com\/de\/#\/schema\/logo\/image\/"},"sameAs":["https:\/\/www.facebook.com\/campingvillageilpoggetto"]}]}},"_links":{"self":[{"href":"https:\/\/campingilpoggetto.com\/de\/wp-json\/wp\/v2\/pages\/7316"}],"collection":[{"href":"https:\/\/campingilpoggetto.com\/de\/wp-json\/wp\/v2\/pages"}],"about":[{"href":"https:\/\/campingilpoggetto.com\/de\/wp-json\/wp\/v2\/types\/page"}],"author":[{"embeddable":true,"href":"https:\/\/campingilpoggetto.com\/de\/wp-json\/wp\/v2\/users\/3"}],"replies":[{"embeddable":true,"href":"https:\/\/campingilpoggetto.com\/de\/wp-json\/wp\/v2\/comments?post=7316"}],"version-history":[{"count":4,"href":"https:\/\/campingilpoggetto.com\/de\/wp-json\/wp\/v2\/pages\/7316\/revisions"}],"predecessor-version":[{"id":9623,"href":"https:\/\/campingilpoggetto.com\/de\/wp-json\/wp\/v2\/pages\/7316\/revisions\/9623"}],"wp:attachment":[{"href":"https:\/\/campingilpoggetto.com\/de\/wp-json\/wp\/v2\/media?parent=7316"}],"curies":[{"name":"wp","href":"https:\/\/api.w.org\/{rel}","templated":true}]}}